
{"id":11279,"date":"2024-12-09T14:22:12","date_gmt":"2024-12-09T19:22:12","guid":{"rendered":"https:\/\/mackaypel.emsbstaging.com\/?page_id=11279"},"modified":"2024-12-17T10:51:18","modified_gmt":"2024-12-17T15:51:18","slug":"school-facilities","status":"publish","type":"page","link":"https:\/\/mackaypel.emsb.qc.ca\/fr\/school-facilities\/","title":{"rendered":"Installations scolaires"},"content":{"rendered":"<div data-elementor-type=\"wp-page\" data-elementor-id=\"11279\" class=\"elementor elementor-11279\" data-elementor-post-type=\"page\">\n\t\t\t\t\t\t<section class=\"elementor-section elementor-top-section elementor-element elementor-element-3195d8b6 elementor-section-full_width elementor-section-height-default elementor-section-height-default\" data-id=\"3195d8b6\" data-element_type=\"section\" data-e-type=\"section\" data-settings=\"{&quot;jet_parallax_layout_list&quot;:[]}\">\n\t\t\t\t\t\t<div class=\"elementor-container elementor-column-gap-default\">\n\t\t\t\t\t<div class=\"elementor-column elementor-col-100 elementor-top-column elementor-element elementor-element-2a06b17a\" data-id=\"2a06b17a\" data-element_type=\"column\" data-e-type=\"column\">\n\t\t\t<div class=\"elementor-widget-wrap elementor-element-populated\">\n\t\t\t\t\t\t<div class=\"elementor-element elementor-element-6c884ea0 elementor-widget elementor-widget-image\" data-id=\"6c884ea0\" data-element_type=\"widget\" data-e-type=\"widget\" data-widget_type=\"image.default\">\n\t\t\t\t<div class=\"elementor-widget-container\">\n\t\t\t\t\t\t\t\t\t\t\t\t\t\t\t<img fetchpriority=\"high\" decoding=\"async\" width=\"768\" height=\"251\" src=\"https:\/\/mackaypel.emsb.qc.ca\/wp-content\/uploads\/sites\/9\/2024\/12\/student-banner-1-768x251.jpg\" class=\"attachment-medium_large size-medium_large wp-image-11414\" alt=\"\" srcset=\"https:\/\/mackaypel.emsb.qc.ca\/wp-content\/uploads\/sites\/9\/2024\/12\/student-banner-1-768x251.jpg 768w, https:\/\/mackaypel.emsb.qc.ca\/wp-content\/uploads\/sites\/9\/2024\/12\/student-banner-1-300x98.jpg 300w, https:\/\/mackaypel.emsb.qc.ca\/wp-content\/uploads\/sites\/9\/2024\/12\/student-banner-1-1024x334.jpg 1024w, https:\/\/mackaypel.emsb.qc.ca\/wp-content\/uploads\/sites\/9\/2024\/12\/student-banner-1-18x6.jpg 18w, https:\/\/mackaypel.emsb.qc.ca\/wp-content\/uploads\/sites\/9\/2024\/12\/student-banner-1.jpg 1440w\" sizes=\"(max-width: 768px) 100vw, 768px\" \/>\t\t\t\t\t\t\t\t\t\t\t\t\t\t\t<\/div>\n\t\t\t\t<\/div>\n\t\t\t\t\t<\/div>\n\t\t<\/div>\n\t\t\t\t\t<\/div>\n\t\t<\/section>\n\t\t\t\t<section class=\"elementor-section elementor-top-section elementor-element elementor-element-11d4aed elementor-section-boxed elementor-section-height-default elementor-section-height-default\" data-id=\"11d4aed\" data-element_type=\"section\" data-e-type=\"section\" data-settings=\"{&quot;jet_parallax_layout_list&quot;:[]}\">\n\t\t\t\t\t\t<div class=\"elementor-container elementor-column-gap-default\">\n\t\t\t\t\t<div class=\"elementor-column elementor-col-100 elementor-top-column elementor-element elementor-element-b93f0d0\" data-id=\"b93f0d0\" data-element_type=\"column\" data-e-type=\"column\">\n\t\t\t<div class=\"elementor-widget-wrap elementor-element-populated\">\n\t\t\t\t\t\t<div class=\"elementor-element elementor-element-882a37e elementor-widget elementor-widget-spacer\" data-id=\"882a37e\" data-element_type=\"widget\" data-e-type=\"widget\" data-widget_type=\"spacer.default\">\n\t\t\t\t<div class=\"elementor-widget-container\">\n\t\t\t\t\t\t\t<div class=\"elementor-spacer\">\n\t\t\t<div class=\"elementor-spacer-inner\"><\/div>\n\t\t<\/div>\n\t\t\t\t\t\t<\/div>\n\t\t\t\t<\/div>\n\t\t\t\t\t<\/div>\n\t\t<\/div>\n\t\t\t\t\t<\/div>\n\t\t<\/section>\n\t\t\t\t<section class=\"elementor-section elementor-top-section elementor-element elementor-element-2293ab47 elementor-section-boxed elementor-section-height-default elementor-section-height-default\" data-id=\"2293ab47\" data-element_type=\"section\" data-e-type=\"section\" data-settings=\"{&quot;jet_parallax_layout_list&quot;:[]}\">\n\t\t\t\t\t\t<div class=\"elementor-container elementor-column-gap-no\">\n\t\t\t\t\t<div class=\"elementor-column elementor-col-100 elementor-top-column elementor-element elementor-element-1cee71d8\" data-id=\"1cee71d8\" data-element_type=\"column\" data-e-type=\"column\">\n\t\t\t<div class=\"elementor-widget-wrap elementor-element-populated\">\n\t\t\t\t\t\t<div class=\"elementor-element elementor-element-754aec4 elementor-widget elementor-widget-text-editor\" data-id=\"754aec4\" data-element_type=\"widget\" data-e-type=\"widget\" data-widget_type=\"text-editor.default\">\n\t\t\t\t<div class=\"elementor-widget-container\">\n\t\t\t\t\t\t\t\t\t<p>Installations scolaires<\/p>\t\t\t\t\t\t\t\t<\/div>\n\t\t\t\t<\/div>\n\t\t\t\t<div class=\"elementor-element elementor-element-03d1b47 elementor-widget elementor-widget-text-editor\" data-id=\"03d1b47\" data-element_type=\"widget\" data-e-type=\"widget\" data-widget_type=\"text-editor.default\">\n\t\t\t\t<div class=\"elementor-widget-container\">\n\t\t\t\t\t\t\t\t\t<p>Centre MacKay et \u00e9coles Philip E. Layton<\/p>\t\t\t\t\t\t\t\t<\/div>\n\t\t\t\t<\/div>\n\t\t\t\t<section class=\"elementor-section elementor-inner-section elementor-element elementor-element-31cc9e9 elementor-section-boxed elementor-section-height-default elementor-section-height-default\" data-id=\"31cc9e9\" data-element_type=\"section\" data-e-type=\"section\" data-settings=\"{&quot;jet_parallax_layout_list&quot;:[]}\">\n\t\t\t\t\t\t<div class=\"elementor-container elementor-column-gap-default\">\n\t\t\t\t\t<div class=\"elementor-column elementor-col-100 elementor-inner-column elementor-element elementor-element-ad95edb\" data-id=\"ad95edb\" data-element_type=\"column\" data-e-type=\"column\">\n\t\t\t<div class=\"elementor-widget-wrap elementor-element-populated\">\n\t\t\t\t\t\t<div class=\"elementor-element elementor-element-819e738 elementor-widget elementor-widget-text-editor\" data-id=\"819e738\" data-element_type=\"widget\" data-e-type=\"widget\" data-widget_type=\"text-editor.default\">\n\t\t\t\t<div class=\"elementor-widget-container\">\n\t\t\t\t\t\t\t\t\t<h5><strong>Biblioth\u00e8que scolaire<\/strong><\/h5><p>La biblioth\u00e8que de l'\u00e9cole fournit des services d'information et de biblioth\u00e8que aux \u00e9l\u00e8ves, aux enseignants et \u00e0 la communaut\u00e9 scolaire. Elle encourage les \u00e9l\u00e8ves \u00e0 d\u00e9velopper leurs connaissances et leurs comp\u00e9tences en mati\u00e8re de recherche d'informations afin de r\u00e9pondre \u00e0 leurs besoins tout au long de leur vie, tout en les encourageant \u00e0 d\u00e9velopper un amour sans fin pour la lecture.<\/p><p>La biblioth\u00e9caire travaille avec les enseignants pour atteindre les objectifs du programme d'\u00e9tudes de l'\u00e9cole. Les ressources comprennent une collection organis\u00e9e, actuelle et diversifi\u00e9e de livres, de magazines, de mat\u00e9riel audiovisuel, de jeux et de documents de r\u00e9f\u00e9rence.<\/p><p>La biblioth\u00e9caire organise \u00e9galement des \u00e9v\u00e9nements sp\u00e9ciaux pour promouvoir la lecture, notamment des visites d'auteurs et d'illustrateurs, des rencontres avec des conteurs, la semaine \u00ab J'aime lire \u00bb et deux foires du livre annuelles.<\/p><h5><strong>Ordinateurs et technologie de pointe<\/strong><\/h5><p>Les ordinateurs sont utilis\u00e9s par tous les \u00e9l\u00e8ves, de la maternelle (4 ans) aux seniors (21 ans).<\/p><p>Nos \u00e9l\u00e8ves utilisent une vari\u00e9t\u00e9 de programmes : traitement de texte, pr\u00e9sentations, animation, dessin, manipulation de graphiques et des jeux qui enseignent les strat\u00e9gies, la logique et la cr\u00e9ativit\u00e9. Les activit\u00e9s informatiques sont planifi\u00e9es en fonction des th\u00e8mes scolaires ou des projets qui permettent aux \u00e9l\u00e8ves de faire des recherches sur Internet. Les \u00e9l\u00e8ves travaillent sur des projets de robotique LEGO dans plusieurs classes. Les iPads sont \u00e9galement utilis\u00e9s pour divers projets et pour la photographie.<\/p><p>Chaque classe dispose de son propre tableau intelligent et d'ordinateurs connect\u00e9s au r\u00e9seau pour l'Internet et l'impression. Les classes ont \u00e9galement acc\u00e8s \u00e0 des iPads pour des projets sp\u00e9ciaux.<\/p>\t\t\t\t\t\t\t\t<\/div>\n\t\t\t\t<\/div>\n\t\t\t\t\t<\/div>\n\t\t<\/div>\n\t\t\t\t\t<\/div>\n\t\t<\/section>\n\t\t\t\t\t<\/div>\n\t\t<\/div>\n\t\t\t\t\t<\/div>\n\t\t<\/section>\n\t\t\t\t<\/div>","protected":false},"excerpt":{"rendered":"<p>School Facilities MacKay Centre &amp; Philip E. Layton Schools School Library The School Library provides library and information services to students, teachers and the school community. It strives to develop the skills necessary to meet the lifelong informational needs of students, while encouraging them to develop a never ending love of reading. The librarian works [&hellip;]<\/p>\n","protected":false},"author":11,"featured_media":0,"parent":0,"menu_order":0,"comment_status":"closed","ping_status":"closed","template":"","meta":{"site-sidebar-layout":"no-sidebar","site-content-layout":"page-builder","ast-site-content-layout":"full-width-container","site-content-style":"unboxed","site-sidebar-style":"unboxed","ast-global-header-display":"","ast-banner-title-visibility":"","ast-main-header-display":"","ast-hfb-above-header-display":"","ast-hfb-below-header-display":"","ast-hfb-mobile-header-display":"","site-post-title":"disabled","ast-breadcrumbs-content":"","ast-featured-img":"disabled","footer-sml-layout":"","ast-disable-related-posts":"","theme-transparent-header-meta":"default","adv-header-id-meta":"","stick-header-meta":"","header-above-stick-meta":"","header-main-stick-meta":"","header-below-stick-meta":"","astra-migrate-meta-layouts":"set","ast-page-background-enabled":"default","ast-page-background-meta":{"desktop":{"background-color":"var(--ast-global-color-4)","background-image":"","background-repeat":"repeat","background-position":"center center","background-size":"auto","background-attachment":"scroll","background-type":"","background-media":"","overlay-type":"","overlay-color":"","overlay-opacity":"","overlay-gradient":""},"tablet":{"background-color":"","background-image":"","background-repeat":"repeat","background-position":"center center","background-size":"auto","background-attachment":"scroll","background-type":"","background-media":"","overlay-type":"","overlay-color":"","overlay-opacity":"","overlay-gradient":""},"mobile":{"background-color":"","background-image":"","background-repeat":"repeat","background-position":"center center","background-size":"auto","background-attachment":"scroll","background-type":"","background-media":"","overlay-type":"","overlay-color":"","overlay-opacity":"","overlay-gradient":""}},"ast-content-background-meta":{"desktop":{"background-color":"var(--ast-global-color-5)","background-image":"","background-repeat":"repeat","background-position":"center center","background-size":"auto","background-attachment":"scroll","background-type":"","background-media":"","overlay-type":"","overlay-color":"","overlay-opacity":"","overlay-gradient":""},"tablet":{"background-color":"var(--ast-global-color-5)","background-image":"","background-repeat":"repeat","background-position":"center center","background-size":"auto","background-attachment":"scroll","background-type":"","background-media":"","overlay-type":"","overlay-color":"","overlay-opacity":"","overlay-gradient":""},"mobile":{"background-color":"var(--ast-global-color-5)","background-image":"","background-repeat":"repeat","background-position":"center center","background-size":"auto","background-attachment":"scroll","background-type":"","background-media":"","overlay-type":"","overlay-color":"","overlay-opacity":"","overlay-gradient":""}},"footnotes":""},"class_list":["post-11279","page","type-page","status-publish","hentry"],"yoast_head":"<!-- This site is optimized with the Yoast SEO plugin v27.3 - https:\/\/yoast.com\/product\/yoast-seo-wordpress\/ -->\n<title>School Facilities - Mackay Centre &amp; Philip E. Layton Schools<\/title>\n<meta name=\"robots\" content=\"index, follow, max-snippet:-1, max-image-preview:large, max-video-preview:-1\" \/>\n<link rel=\"canonical\" href=\"https:\/\/mackaypel.emsb.qc.ca\/fr\/school-facilities\/\" \/>\n<meta property=\"og:locale\" content=\"fr_FR\" \/>\n<meta property=\"og:type\" content=\"article\" \/>\n<meta property=\"og:title\" content=\"School Facilities - Mackay Centre &amp; Philip E. Layton Schools\" \/>\n<meta property=\"og:description\" content=\"School Facilities MacKay Centre &amp; Philip E. Layton Schools School Library The School Library provides library and information services to students, teachers and the school community. It strives to develop the skills necessary to meet the lifelong informational needs of students, while encouraging them to develop a never ending love of reading. The librarian works [&hellip;]\" \/>\n<meta property=\"og:url\" content=\"https:\/\/mackaypel.emsb.qc.ca\/fr\/school-facilities\/\" \/>\n<meta property=\"og:site_name\" content=\"Mackay Centre &amp; Philip E. Layton Schools\" \/>\n<meta property=\"article:modified_time\" content=\"2024-12-17T15:51:18+00:00\" \/>\n<meta property=\"og:image\" content=\"https:\/\/mackaypel.emsb.qc.ca\/wp-content\/uploads\/sites\/9\/2024\/12\/student-banner-1-768x251.jpg\" \/>\n<meta name=\"twitter:card\" content=\"summary_large_image\" \/>\n<meta name=\"twitter:label1\" content=\"Dur\u00e9e de lecture estim\u00e9e\" \/>\n\t<meta name=\"twitter:data1\" content=\"1 minute\" \/>\n<script type=\"application\/ld+json\" class=\"yoast-schema-graph\">{\"@context\":\"https:\\\/\\\/schema.org\",\"@graph\":[{\"@type\":\"WebPage\",\"@id\":\"https:\\\/\\\/mackaypel.emsb.qc.ca\\\/school-facilities\\\/\",\"url\":\"https:\\\/\\\/mackaypel.emsb.qc.ca\\\/school-facilities\\\/\",\"name\":\"School Facilities - Mackay Centre &amp; Philip E. Layton Schools\",\"isPartOf\":{\"@id\":\"https:\\\/\\\/mackaypel.emsb.qc.ca\\\/#website\"},\"primaryImageOfPage\":{\"@id\":\"https:\\\/\\\/mackaypel.emsb.qc.ca\\\/school-facilities\\\/#primaryimage\"},\"image\":{\"@id\":\"https:\\\/\\\/mackaypel.emsb.qc.ca\\\/school-facilities\\\/#primaryimage\"},\"thumbnailUrl\":\"https:\\\/\\\/mackaypel.emsb.qc.ca\\\/wp-content\\\/uploads\\\/sites\\\/9\\\/2024\\\/12\\\/student-banner-1-768x251.jpg\",\"datePublished\":\"2024-12-09T19:22:12+00:00\",\"dateModified\":\"2024-12-17T15:51:18+00:00\",\"breadcrumb\":{\"@id\":\"https:\\\/\\\/mackaypel.emsb.qc.ca\\\/school-facilities\\\/#breadcrumb\"},\"inLanguage\":\"fr-FR\",\"potentialAction\":[{\"@type\":\"ReadAction\",\"target\":[\"https:\\\/\\\/mackaypel.emsb.qc.ca\\\/school-facilities\\\/\"]}]},{\"@type\":\"ImageObject\",\"inLanguage\":\"fr-FR\",\"@id\":\"https:\\\/\\\/mackaypel.emsb.qc.ca\\\/school-facilities\\\/#primaryimage\",\"url\":\"https:\\\/\\\/mackaypel.emsb.qc.ca\\\/wp-content\\\/uploads\\\/sites\\\/9\\\/2024\\\/12\\\/student-banner-1-768x251.jpg\",\"contentUrl\":\"https:\\\/\\\/mackaypel.emsb.qc.ca\\\/wp-content\\\/uploads\\\/sites\\\/9\\\/2024\\\/12\\\/student-banner-1-768x251.jpg\"},{\"@type\":\"BreadcrumbList\",\"@id\":\"https:\\\/\\\/mackaypel.emsb.qc.ca\\\/school-facilities\\\/#breadcrumb\",\"itemListElement\":[{\"@type\":\"ListItem\",\"position\":1,\"name\":\"Home\",\"item\":\"https:\\\/\\\/mackaypel.emsb.qc.ca\\\/\"},{\"@type\":\"ListItem\",\"position\":2,\"name\":\"School Facilities\"}]},{\"@type\":\"WebSite\",\"@id\":\"https:\\\/\\\/mackaypel.emsb.qc.ca\\\/#website\",\"url\":\"https:\\\/\\\/mackaypel.emsb.qc.ca\\\/\",\"name\":\"Mackay Centre &amp; Philip E. Layton Schools\",\"description\":\"Mackay Centre &amp; Philip E. Layton Schools\",\"publisher\":{\"@id\":\"https:\\\/\\\/mackaypel.emsb.qc.ca\\\/#organization\"},\"potentialAction\":[{\"@type\":\"SearchAction\",\"target\":{\"@type\":\"EntryPoint\",\"urlTemplate\":\"https:\\\/\\\/mackaypel.emsb.qc.ca\\\/?s={search_term_string}\"},\"query-input\":{\"@type\":\"PropertyValueSpecification\",\"valueRequired\":true,\"valueName\":\"search_term_string\"}}],\"inLanguage\":\"fr-FR\"},{\"@type\":\"Organization\",\"@id\":\"https:\\\/\\\/mackaypel.emsb.qc.ca\\\/#organization\",\"name\":\"Mackay Centre &amp; Philip E. Layton Schools\",\"url\":\"https:\\\/\\\/mackaypel.emsb.qc.ca\\\/\",\"logo\":{\"@type\":\"ImageObject\",\"inLanguage\":\"fr-FR\",\"@id\":\"https:\\\/\\\/mackaypel.emsb.qc.ca\\\/#\\\/schema\\\/logo\\\/image\\\/\",\"url\":\"https:\\\/\\\/mackaypel.emsb.qc.ca\\\/wp-content\\\/uploads\\\/sites\\\/9\\\/2024\\\/03\\\/mackay.svg\",\"contentUrl\":\"https:\\\/\\\/mackaypel.emsb.qc.ca\\\/wp-content\\\/uploads\\\/sites\\\/9\\\/2024\\\/03\\\/mackay.svg\",\"width\":998.88,\"height\":142.51,\"caption\":\"Mackay Centre &amp; Philip E. Layton Schools\"},\"image\":{\"@id\":\"https:\\\/\\\/mackaypel.emsb.qc.ca\\\/#\\\/schema\\\/logo\\\/image\\\/\"}}]}<\/script>\n<!-- \/ Yoast SEO plugin. -->","yoast_head_json":{"title":"School Facilities - Mackay Centre &amp; Philip E. Layton Schools","robots":{"index":"index","follow":"follow","max-snippet":"max-snippet:-1","max-image-preview":"max-image-preview:large","max-video-preview":"max-video-preview:-1"},"canonical":"https:\/\/mackaypel.emsb.qc.ca\/fr\/school-facilities\/","og_locale":"fr_FR","og_type":"article","og_title":"School Facilities - Mackay Centre &amp; Philip E. Layton Schools","og_description":"School Facilities MacKay Centre &amp; Philip E. Layton Schools School Library The School Library provides library and information services to students, teachers and the school community. It strives to develop the skills necessary to meet the lifelong informational needs of students, while encouraging them to develop a never ending love of reading. The librarian works [&hellip;]","og_url":"https:\/\/mackaypel.emsb.qc.ca\/fr\/school-facilities\/","og_site_name":"Mackay Centre &amp; Philip E. Layton Schools","article_modified_time":"2024-12-17T15:51:18+00:00","og_image":[{"url":"https:\/\/mackaypel.emsb.qc.ca\/wp-content\/uploads\/sites\/9\/2024\/12\/student-banner-1-768x251.jpg","type":"","width":"","height":""}],"twitter_card":"summary_large_image","twitter_misc":{"Dur\u00e9e de lecture estim\u00e9e":"1 minute"},"schema":{"@context":"https:\/\/schema.org","@graph":[{"@type":"WebPage","@id":"https:\/\/mackaypel.emsb.qc.ca\/school-facilities\/","url":"https:\/\/mackaypel.emsb.qc.ca\/school-facilities\/","name":"School Facilities - Mackay Centre &amp; Philip E. Layton Schools","isPartOf":{"@id":"https:\/\/mackaypel.emsb.qc.ca\/#website"},"primaryImageOfPage":{"@id":"https:\/\/mackaypel.emsb.qc.ca\/school-facilities\/#primaryimage"},"image":{"@id":"https:\/\/mackaypel.emsb.qc.ca\/school-facilities\/#primaryimage"},"thumbnailUrl":"https:\/\/mackaypel.emsb.qc.ca\/wp-content\/uploads\/sites\/9\/2024\/12\/student-banner-1-768x251.jpg","datePublished":"2024-12-09T19:22:12+00:00","dateModified":"2024-12-17T15:51:18+00:00","breadcrumb":{"@id":"https:\/\/mackaypel.emsb.qc.ca\/school-facilities\/#breadcrumb"},"inLanguage":"fr-FR","potentialAction":[{"@type":"ReadAction","target":["https:\/\/mackaypel.emsb.qc.ca\/school-facilities\/"]}]},{"@type":"ImageObject","inLanguage":"fr-FR","@id":"https:\/\/mackaypel.emsb.qc.ca\/school-facilities\/#primaryimage","url":"https:\/\/mackaypel.emsb.qc.ca\/wp-content\/uploads\/sites\/9\/2024\/12\/student-banner-1-768x251.jpg","contentUrl":"https:\/\/mackaypel.emsb.qc.ca\/wp-content\/uploads\/sites\/9\/2024\/12\/student-banner-1-768x251.jpg"},{"@type":"BreadcrumbList","@id":"https:\/\/mackaypel.emsb.qc.ca\/school-facilities\/#breadcrumb","itemListElement":[{"@type":"ListItem","position":1,"name":"Home","item":"https:\/\/mackaypel.emsb.qc.ca\/"},{"@type":"ListItem","position":2,"name":"School Facilities"}]},{"@type":"WebSite","@id":"https:\/\/mackaypel.emsb.qc.ca\/#website","url":"https:\/\/mackaypel.emsb.qc.ca\/","name":"Le Centre Mackay et l'\u00e9cole Philip E. Layton","description":"Le Centre Mackay et l'\u00e9cole Philip E. Layton","publisher":{"@id":"https:\/\/mackaypel.emsb.qc.ca\/#organization"},"potentialAction":[{"@type":"SearchAction","target":{"@type":"EntryPoint","urlTemplate":"https:\/\/mackaypel.emsb.qc.ca\/?s={search_term_string}"},"query-input":{"@type":"PropertyValueSpecification","valueRequired":true,"valueName":"search_term_string"}}],"inLanguage":"fr-FR"},{"@type":"Organization","@id":"https:\/\/mackaypel.emsb.qc.ca\/#organization","name":"Le Centre Mackay et l'\u00e9cole Philip E. Layton","url":"https:\/\/mackaypel.emsb.qc.ca\/","logo":{"@type":"ImageObject","inLanguage":"fr-FR","@id":"https:\/\/mackaypel.emsb.qc.ca\/#\/schema\/logo\/image\/","url":"https:\/\/mackaypel.emsb.qc.ca\/wp-content\/uploads\/sites\/9\/2024\/03\/mackay.svg","contentUrl":"https:\/\/mackaypel.emsb.qc.ca\/wp-content\/uploads\/sites\/9\/2024\/03\/mackay.svg","width":998.88,"height":142.51,"caption":"Mackay Centre &amp; Philip E. Layton Schools"},"image":{"@id":"https:\/\/mackaypel.emsb.qc.ca\/#\/schema\/logo\/image\/"}}]}},"_links":{"self":[{"href":"https:\/\/mackaypel.emsb.qc.ca\/fr\/wp-json\/wp\/v2\/pages\/11279","targetHints":{"allow":["GET"]}}],"collection":[{"href":"https:\/\/mackaypel.emsb.qc.ca\/fr\/wp-json\/wp\/v2\/pages"}],"about":[{"href":"https:\/\/mackaypel.emsb.qc.ca\/fr\/wp-json\/wp\/v2\/types\/page"}],"author":[{"embeddable":true,"href":"https:\/\/mackaypel.emsb.qc.ca\/fr\/wp-json\/wp\/v2\/users\/11"}],"replies":[{"embeddable":true,"href":"https:\/\/mackaypel.emsb.qc.ca\/fr\/wp-json\/wp\/v2\/comments?post=11279"}],"version-history":[{"count":7,"href":"https:\/\/mackaypel.emsb.qc.ca\/fr\/wp-json\/wp\/v2\/pages\/11279\/revisions"}],"predecessor-version":[{"id":11433,"href":"https:\/\/mackaypel.emsb.qc.ca\/fr\/wp-json\/wp\/v2\/pages\/11279\/revisions\/11433"}],"wp:attachment":[{"href":"https:\/\/mackaypel.emsb.qc.ca\/fr\/wp-json\/wp\/v2\/media?parent=11279"}],"curies":[{"name":"wp","href":"https:\/\/api.w.org\/{rel}","templated":true}]}}