
{"id":11284,"date":"2024-12-09T14:23:29","date_gmt":"2024-12-09T19:23:29","guid":{"rendered":"https:\/\/mackaypel.emsbstaging.com\/?page_id=11284"},"modified":"2024-12-17T11:41:19","modified_gmt":"2024-12-17T16:41:19","slug":"school-life","status":"publish","type":"page","link":"https:\/\/mackaypel.emsb.qc.ca\/fr\/school-life\/","title":{"rendered":"Vie scolaire"},"content":{"rendered":"<div data-elementor-type=\"wp-page\" data-elementor-id=\"11284\" class=\"elementor elementor-11284\" data-elementor-post-type=\"page\">\n\t\t\t\t\t\t<section class=\"elementor-section elementor-top-section elementor-element elementor-element-3195d8b6 elementor-section-full_width elementor-section-height-default elementor-section-height-default\" data-id=\"3195d8b6\" data-element_type=\"section\" data-e-type=\"section\" data-settings=\"{&quot;jet_parallax_layout_list&quot;:[]}\">\n\t\t\t\t\t\t<div class=\"elementor-container elementor-column-gap-default\">\n\t\t\t\t\t<div class=\"elementor-column elementor-col-100 elementor-top-column elementor-element elementor-element-2a06b17a\" data-id=\"2a06b17a\" data-element_type=\"column\" data-e-type=\"column\">\n\t\t\t<div class=\"elementor-widget-wrap elementor-element-populated\">\n\t\t\t\t\t\t<div class=\"elementor-element elementor-element-6c884ea0 elementor-widget elementor-widget-image\" data-id=\"6c884ea0\" data-element_type=\"widget\" data-e-type=\"widget\" data-widget_type=\"image.default\">\n\t\t\t\t<div class=\"elementor-widget-container\">\n\t\t\t\t\t\t\t\t\t\t\t\t\t\t\t<img fetchpriority=\"high\" decoding=\"async\" width=\"768\" height=\"251\" src=\"https:\/\/mackaypel.emsb.qc.ca\/wp-content\/uploads\/sites\/9\/2024\/12\/student-banner-15-768x251.jpg\" class=\"attachment-medium_large size-medium_large wp-image-11448\" alt=\"\" srcset=\"https:\/\/mackaypel.emsb.qc.ca\/wp-content\/uploads\/sites\/9\/2024\/12\/student-banner-15-768x251.jpg 768w, https:\/\/mackaypel.emsb.qc.ca\/wp-content\/uploads\/sites\/9\/2024\/12\/student-banner-15-300x98.jpg 300w, https:\/\/mackaypel.emsb.qc.ca\/wp-content\/uploads\/sites\/9\/2024\/12\/student-banner-15-1024x334.jpg 1024w, https:\/\/mackaypel.emsb.qc.ca\/wp-content\/uploads\/sites\/9\/2024\/12\/student-banner-15-18x6.jpg 18w, https:\/\/mackaypel.emsb.qc.ca\/wp-content\/uploads\/sites\/9\/2024\/12\/student-banner-15.jpg 1440w\" sizes=\"(max-width: 768px) 100vw, 768px\" \/>\t\t\t\t\t\t\t\t\t\t\t\t\t\t\t<\/div>\n\t\t\t\t<\/div>\n\t\t\t\t\t<\/div>\n\t\t<\/div>\n\t\t\t\t\t<\/div>\n\t\t<\/section>\n\t\t\t\t<section class=\"elementor-section elementor-top-section elementor-element elementor-element-11d4aed elementor-section-boxed elementor-section-height-default elementor-section-height-default\" data-id=\"11d4aed\" data-element_type=\"section\" data-e-type=\"section\" data-settings=\"{&quot;jet_parallax_layout_list&quot;:[]}\">\n\t\t\t\t\t\t<div class=\"elementor-container elementor-column-gap-default\">\n\t\t\t\t\t<div class=\"elementor-column elementor-col-100 elementor-top-column elementor-element elementor-element-b93f0d0\" data-id=\"b93f0d0\" data-element_type=\"column\" data-e-type=\"column\">\n\t\t\t<div class=\"elementor-widget-wrap elementor-element-populated\">\n\t\t\t\t\t\t<div class=\"elementor-element elementor-element-882a37e elementor-widget elementor-widget-spacer\" data-id=\"882a37e\" data-element_type=\"widget\" data-e-type=\"widget\" data-widget_type=\"spacer.default\">\n\t\t\t\t<div class=\"elementor-widget-container\">\n\t\t\t\t\t\t\t<div class=\"elementor-spacer\">\n\t\t\t<div class=\"elementor-spacer-inner\"><\/div>\n\t\t<\/div>\n\t\t\t\t\t\t<\/div>\n\t\t\t\t<\/div>\n\t\t\t\t\t<\/div>\n\t\t<\/div>\n\t\t\t\t\t<\/div>\n\t\t<\/section>\n\t\t\t\t<section class=\"elementor-section elementor-top-section elementor-element elementor-element-2293ab47 elementor-section-boxed elementor-section-height-default elementor-section-height-default\" data-id=\"2293ab47\" data-element_type=\"section\" data-e-type=\"section\" data-settings=\"{&quot;jet_parallax_layout_list&quot;:[]}\">\n\t\t\t\t\t\t<div class=\"elementor-container elementor-column-gap-no\">\n\t\t\t\t\t<div class=\"elementor-column elementor-col-100 elementor-top-column elementor-element elementor-element-1cee71d8\" data-id=\"1cee71d8\" data-element_type=\"column\" data-e-type=\"column\">\n\t\t\t<div class=\"elementor-widget-wrap elementor-element-populated\">\n\t\t\t\t\t\t<div class=\"elementor-element elementor-element-754aec4 elementor-widget elementor-widget-text-editor\" data-id=\"754aec4\" data-element_type=\"widget\" data-e-type=\"widget\" data-widget_type=\"text-editor.default\">\n\t\t\t\t<div class=\"elementor-widget-container\">\n\t\t\t\t\t\t\t\t\t<p>Vie scolaire<\/p>\t\t\t\t\t\t\t\t<\/div>\n\t\t\t\t<\/div>\n\t\t\t\t<div class=\"elementor-element elementor-element-03d1b47 elementor-widget elementor-widget-text-editor\" data-id=\"03d1b47\" data-element_type=\"widget\" data-e-type=\"widget\" data-widget_type=\"text-editor.default\">\n\t\t\t\t<div class=\"elementor-widget-container\">\n\t\t\t\t\t\t\t\t\t<p>Centre MacKay et \u00e9coles Philip E. Layton<\/p>\t\t\t\t\t\t\t\t<\/div>\n\t\t\t\t<\/div>\n\t\t\t\t<section class=\"elementor-section elementor-inner-section elementor-element elementor-element-31cc9e9 elementor-section-boxed elementor-section-height-default elementor-section-height-default\" data-id=\"31cc9e9\" data-element_type=\"section\" data-e-type=\"section\" data-settings=\"{&quot;jet_parallax_layout_list&quot;:[]}\">\n\t\t\t\t\t\t<div class=\"elementor-container elementor-column-gap-default\">\n\t\t\t\t\t<div class=\"elementor-column elementor-col-100 elementor-inner-column elementor-element elementor-element-ad95edb\" data-id=\"ad95edb\" data-element_type=\"column\" data-e-type=\"column\">\n\t\t\t<div class=\"elementor-widget-wrap elementor-element-populated\">\n\t\t\t\t\t\t<div class=\"elementor-element elementor-element-819e738 elementor-widget elementor-widget-text-editor\" data-id=\"819e738\" data-element_type=\"widget\" data-e-type=\"widget\" data-widget_type=\"text-editor.default\">\n\t\t\t\t<div class=\"elementor-widget-container\">\n\t\t\t\t\t\t\t\t\t<p>Les \u00e9l\u00e8ves du Centre Mackay et de l'\u00e9cole Philip E. Layton participent \u00e0 un large \u00e9ventail d'activit\u00e9s et d'\u00e9v\u00e9nements passionnants tout au long de l'ann\u00e9e scolaire, con\u00e7us pour promouvoir la forme physique, le travail d'\u00e9quipe et l'\u00e9panouissement personnel. Les points forts de ces activit\u00e9s sont les suivants <strong>la course Terry Fox<\/strong>, la <strong>course Halo<\/strong>et <strong>le D\u00e9fi-sportif<\/strong>Les \u00e9l\u00e8ves profitent \u00e9galement d'aventures en plein air avec des <strong>s\u00e9jours de camping de deux jours<\/strong> aux <strong>Camps Massawippi<\/strong> et <strong>Papillon<\/strong>o\u00f9 ils d\u00e9couvrent la nature, nouent des amiti\u00e9s et cr\u00e9ent des souvenirs imp\u00e9rissables. Ces \u00e9v\u00e9nements font partie int\u00e9grante de notre engagement \u00e0 enrichir l'exp\u00e9rience des \u00e9l\u00e8ves, tant \u00e0 l'int\u00e9rieur qu'\u00e0 l'ext\u00e9rieur de la salle de classe.<\/p>\t\t\t\t\t\t\t\t<\/div>\n\t\t\t\t<\/div>\n\t\t\t\t\t<\/div>\n\t\t<\/div>\n\t\t\t\t\t<\/div>\n\t\t<\/section>\n\t\t\t\t\t<\/div>\n\t\t<\/div>\n\t\t\t\t\t<\/div>\n\t\t<\/section>\n\t\t\t\t<\/div>","protected":false},"excerpt":{"rendered":"<p>School Life MacKay Centre &amp; Philip E. Layton Schools Students at Mackay Centre and Philip E. Layton Schools engage in a wide range of exciting activities and events throughout the school year, designed to promote physical fitness, teamwork, and personal growth. Highlights include the Terry Fox Run, the Halo Race, and the D\u00e9fi-sportif, all fostering [&hellip;]<\/p>\n","protected":false},"author":11,"featured_media":0,"parent":0,"menu_order":0,"comment_status":"closed","ping_status":"closed","template":"","meta":{"site-sidebar-layout":"no-sidebar","site-content-layout":"page-builder","ast-site-content-layout":"full-width-container","site-content-style":"unboxed","site-sidebar-style":"unboxed","ast-global-header-display":"","ast-banner-title-visibility":"","ast-main-header-display":"","ast-hfb-above-header-display":"","ast-hfb-below-header-display":"","ast-hfb-mobile-header-display":"","site-post-title":"disabled","ast-breadcrumbs-content":"","ast-featured-img":"disabled","footer-sml-layout":"","ast-disable-related-posts":"","theme-transparent-header-meta":"default","adv-header-id-meta":"","stick-header-meta":"","header-above-stick-meta":"","header-main-stick-meta":"","header-below-stick-meta":"","astra-migrate-meta-layouts":"set","ast-page-background-enabled":"default","ast-page-background-meta":{"desktop":{"background-color":"var(--ast-global-color-4)","background-image":"","background-repeat":"repeat","background-position":"center center","background-size":"auto","background-attachment":"scroll","background-type":"","background-media":"","overlay-type":"","overlay-color":"","overlay-opacity":"","overlay-gradient":""},"tablet":{"background-color":"","background-image":"","background-repeat":"repeat","background-position":"center center","background-size":"auto","background-attachment":"scroll","background-type":"","background-media":"","overlay-type":"","overlay-color":"","overlay-opacity":"","overlay-gradient":""},"mobile":{"background-color":"","background-image":"","background-repeat":"repeat","background-position":"center center","background-size":"auto","background-attachment":"scroll","background-type":"","background-media":"","overlay-type":"","overlay-color":"","overlay-opacity":"","overlay-gradient":""}},"ast-content-background-meta":{"desktop":{"background-color":"var(--ast-global-color-5)","background-image":"","background-repeat":"repeat","background-position":"center center","background-size":"auto","background-attachment":"scroll","background-type":"","background-media":"","overlay-type":"","overlay-color":"","overlay-opacity":"","overlay-gradient":""},"tablet":{"background-color":"var(--ast-global-color-5)","background-image":"","background-repeat":"repeat","background-position":"center center","background-size":"auto","background-attachment":"scroll","background-type":"","background-media":"","overlay-type":"","overlay-color":"","overlay-opacity":"","overlay-gradient":""},"mobile":{"background-color":"var(--ast-global-color-5)","background-image":"","background-repeat":"repeat","background-position":"center center","background-size":"auto","background-attachment":"scroll","background-type":"","background-media":"","overlay-type":"","overlay-color":"","overlay-opacity":"","overlay-gradient":""}},"footnotes":""},"class_list":["post-11284","page","type-page","status-publish","hentry"],"yoast_head":"<!-- This site is optimized with the Yoast SEO plugin v27.4 - https:\/\/yoast.com\/product\/yoast-seo-wordpress\/ -->\n<title>School Life - Mackay Centre &amp; Philip E. Layton Schools<\/title>\n<meta name=\"robots\" content=\"index, follow, max-snippet:-1, max-image-preview:large, max-video-preview:-1\" \/>\n<link rel=\"canonical\" href=\"https:\/\/mackaypel.emsb.qc.ca\/fr\/school-life\/\" \/>\n<meta property=\"og:locale\" content=\"fr_FR\" \/>\n<meta property=\"og:type\" content=\"article\" \/>\n<meta property=\"og:title\" content=\"School Life - Mackay Centre &amp; Philip E. Layton Schools\" \/>\n<meta property=\"og:description\" content=\"School Life MacKay Centre &amp; Philip E. Layton Schools Students at Mackay Centre and Philip E. Layton Schools engage in a wide range of exciting activities and events throughout the school year, designed to promote physical fitness, teamwork, and personal growth. Highlights include the Terry Fox Run, the Halo Race, and the D\u00e9fi-sportif, all fostering [&hellip;]\" \/>\n<meta property=\"og:url\" content=\"https:\/\/mackaypel.emsb.qc.ca\/fr\/school-life\/\" \/>\n<meta property=\"og:site_name\" content=\"Mackay Centre &amp; Philip E. Layton Schools\" \/>\n<meta property=\"article:modified_time\" content=\"2024-12-17T16:41:19+00:00\" \/>\n<meta property=\"og:image\" content=\"https:\/\/mackaypel.emsb.qc.ca\/wp-content\/uploads\/sites\/9\/2024\/12\/student-banner-15-768x251.jpg\" \/>\n<meta name=\"twitter:card\" content=\"summary_large_image\" \/>\n<meta name=\"twitter:label1\" content=\"Dur\u00e9e de lecture estim\u00e9e\" \/>\n\t<meta name=\"twitter:data1\" content=\"1 minute\" \/>\n<script type=\"application\/ld+json\" class=\"yoast-schema-graph\">{\"@context\":\"https:\\\/\\\/schema.org\",\"@graph\":[{\"@type\":\"WebPage\",\"@id\":\"https:\\\/\\\/mackaypel.emsb.qc.ca\\\/school-life\\\/\",\"url\":\"https:\\\/\\\/mackaypel.emsb.qc.ca\\\/school-life\\\/\",\"name\":\"School Life - Mackay Centre &amp; Philip E. Layton Schools\",\"isPartOf\":{\"@id\":\"https:\\\/\\\/mackaypel.emsb.qc.ca\\\/#website\"},\"primaryImageOfPage\":{\"@id\":\"https:\\\/\\\/mackaypel.emsb.qc.ca\\\/school-life\\\/#primaryimage\"},\"image\":{\"@id\":\"https:\\\/\\\/mackaypel.emsb.qc.ca\\\/school-life\\\/#primaryimage\"},\"thumbnailUrl\":\"https:\\\/\\\/mackaypel.emsb.qc.ca\\\/wp-content\\\/uploads\\\/sites\\\/9\\\/2024\\\/12\\\/student-banner-15-768x251.jpg\",\"datePublished\":\"2024-12-09T19:23:29+00:00\",\"dateModified\":\"2024-12-17T16:41:19+00:00\",\"breadcrumb\":{\"@id\":\"https:\\\/\\\/mackaypel.emsb.qc.ca\\\/school-life\\\/#breadcrumb\"},\"inLanguage\":\"fr-FR\",\"potentialAction\":[{\"@type\":\"ReadAction\",\"target\":[\"https:\\\/\\\/mackaypel.emsb.qc.ca\\\/school-life\\\/\"]}]},{\"@type\":\"ImageObject\",\"inLanguage\":\"fr-FR\",\"@id\":\"https:\\\/\\\/mackaypel.emsb.qc.ca\\\/school-life\\\/#primaryimage\",\"url\":\"https:\\\/\\\/mackaypel.emsb.qc.ca\\\/wp-content\\\/uploads\\\/sites\\\/9\\\/2024\\\/12\\\/student-banner-15-768x251.jpg\",\"contentUrl\":\"https:\\\/\\\/mackaypel.emsb.qc.ca\\\/wp-content\\\/uploads\\\/sites\\\/9\\\/2024\\\/12\\\/student-banner-15-768x251.jpg\"},{\"@type\":\"BreadcrumbList\",\"@id\":\"https:\\\/\\\/mackaypel.emsb.qc.ca\\\/school-life\\\/#breadcrumb\",\"itemListElement\":[{\"@type\":\"ListItem\",\"position\":1,\"name\":\"Home\",\"item\":\"https:\\\/\\\/mackaypel.emsb.qc.ca\\\/\"},{\"@type\":\"ListItem\",\"position\":2,\"name\":\"School Life\"}]},{\"@type\":\"WebSite\",\"@id\":\"https:\\\/\\\/mackaypel.emsb.qc.ca\\\/#website\",\"url\":\"https:\\\/\\\/mackaypel.emsb.qc.ca\\\/\",\"name\":\"Mackay Centre &amp; Philip E. Layton Schools\",\"description\":\"Mackay Centre &amp; Philip E. Layton Schools\",\"publisher\":{\"@id\":\"https:\\\/\\\/mackaypel.emsb.qc.ca\\\/#organization\"},\"potentialAction\":[{\"@type\":\"SearchAction\",\"target\":{\"@type\":\"EntryPoint\",\"urlTemplate\":\"https:\\\/\\\/mackaypel.emsb.qc.ca\\\/?s={search_term_string}\"},\"query-input\":{\"@type\":\"PropertyValueSpecification\",\"valueRequired\":true,\"valueName\":\"search_term_string\"}}],\"inLanguage\":\"fr-FR\"},{\"@type\":\"Organization\",\"@id\":\"https:\\\/\\\/mackaypel.emsb.qc.ca\\\/#organization\",\"name\":\"Mackay Centre &amp; Philip E. Layton Schools\",\"url\":\"https:\\\/\\\/mackaypel.emsb.qc.ca\\\/\",\"logo\":{\"@type\":\"ImageObject\",\"inLanguage\":\"fr-FR\",\"@id\":\"https:\\\/\\\/mackaypel.emsb.qc.ca\\\/#\\\/schema\\\/logo\\\/image\\\/\",\"url\":\"https:\\\/\\\/mackaypel.emsb.qc.ca\\\/wp-content\\\/uploads\\\/sites\\\/9\\\/2024\\\/03\\\/mackay.svg\",\"contentUrl\":\"https:\\\/\\\/mackaypel.emsb.qc.ca\\\/wp-content\\\/uploads\\\/sites\\\/9\\\/2024\\\/03\\\/mackay.svg\",\"width\":998.88,\"height\":142.51,\"caption\":\"Mackay Centre &amp; Philip E. Layton Schools\"},\"image\":{\"@id\":\"https:\\\/\\\/mackaypel.emsb.qc.ca\\\/#\\\/schema\\\/logo\\\/image\\\/\"}}]}<\/script>\n<!-- \/ Yoast SEO plugin. -->","yoast_head_json":{"title":"Vie scolaire - \u00c9coles Mackay Centre et Philip E. Layton","robots":{"index":"index","follow":"follow","max-snippet":"max-snippet:-1","max-image-preview":"max-image-preview:large","max-video-preview":"max-video-preview:-1"},"canonical":"https:\/\/mackaypel.emsb.qc.ca\/fr\/school-life\/","og_locale":"fr_FR","og_type":"article","og_title":"School Life - Mackay Centre &amp; Philip E. Layton Schools","og_description":"School Life MacKay Centre &amp; Philip E. Layton Schools Students at Mackay Centre and Philip E. Layton Schools engage in a wide range of exciting activities and events throughout the school year, designed to promote physical fitness, teamwork, and personal growth. Highlights include the Terry Fox Run, the Halo Race, and the D\u00e9fi-sportif, all fostering [&hellip;]","og_url":"https:\/\/mackaypel.emsb.qc.ca\/fr\/school-life\/","og_site_name":"Mackay Centre &amp; Philip E. Layton Schools","article_modified_time":"2024-12-17T16:41:19+00:00","og_image":[{"url":"https:\/\/mackaypel.emsb.qc.ca\/wp-content\/uploads\/sites\/9\/2024\/12\/student-banner-15-768x251.jpg","type":"","width":"","height":""}],"twitter_card":"summary_large_image","twitter_misc":{"Dur\u00e9e de lecture estim\u00e9e":"1 minute"},"schema":{"@context":"https:\/\/schema.org","@graph":[{"@type":"WebPage","@id":"https:\/\/mackaypel.emsb.qc.ca\/school-life\/","url":"https:\/\/mackaypel.emsb.qc.ca\/school-life\/","name":"Vie scolaire - \u00c9coles Mackay Centre et Philip E. Layton","isPartOf":{"@id":"https:\/\/mackaypel.emsb.qc.ca\/#website"},"primaryImageOfPage":{"@id":"https:\/\/mackaypel.emsb.qc.ca\/school-life\/#primaryimage"},"image":{"@id":"https:\/\/mackaypel.emsb.qc.ca\/school-life\/#primaryimage"},"thumbnailUrl":"https:\/\/mackaypel.emsb.qc.ca\/wp-content\/uploads\/sites\/9\/2024\/12\/student-banner-15-768x251.jpg","datePublished":"2024-12-09T19:23:29+00:00","dateModified":"2024-12-17T16:41:19+00:00","breadcrumb":{"@id":"https:\/\/mackaypel.emsb.qc.ca\/school-life\/#breadcrumb"},"inLanguage":"fr-FR","potentialAction":[{"@type":"ReadAction","target":["https:\/\/mackaypel.emsb.qc.ca\/school-life\/"]}]},{"@type":"ImageObject","inLanguage":"fr-FR","@id":"https:\/\/mackaypel.emsb.qc.ca\/school-life\/#primaryimage","url":"https:\/\/mackaypel.emsb.qc.ca\/wp-content\/uploads\/sites\/9\/2024\/12\/student-banner-15-768x251.jpg","contentUrl":"https:\/\/mackaypel.emsb.qc.ca\/wp-content\/uploads\/sites\/9\/2024\/12\/student-banner-15-768x251.jpg"},{"@type":"BreadcrumbList","@id":"https:\/\/mackaypel.emsb.qc.ca\/school-life\/#breadcrumb","itemListElement":[{"@type":"ListItem","position":1,"name":"Home","item":"https:\/\/mackaypel.emsb.qc.ca\/"},{"@type":"ListItem","position":2,"name":"School Life"}]},{"@type":"WebSite","@id":"https:\/\/mackaypel.emsb.qc.ca\/#website","url":"https:\/\/mackaypel.emsb.qc.ca\/","name":"Le Centre Mackay et l'\u00e9cole Philip E. Layton","description":"Le Centre Mackay et l'\u00e9cole Philip E. Layton","publisher":{"@id":"https:\/\/mackaypel.emsb.qc.ca\/#organization"},"potentialAction":[{"@type":"SearchAction","target":{"@type":"EntryPoint","urlTemplate":"https:\/\/mackaypel.emsb.qc.ca\/?s={search_term_string}"},"query-input":{"@type":"PropertyValueSpecification","valueRequired":true,"valueName":"search_term_string"}}],"inLanguage":"fr-FR"},{"@type":"Organization","@id":"https:\/\/mackaypel.emsb.qc.ca\/#organization","name":"Le Centre Mackay et l'\u00e9cole Philip E. Layton","url":"https:\/\/mackaypel.emsb.qc.ca\/","logo":{"@type":"ImageObject","inLanguage":"fr-FR","@id":"https:\/\/mackaypel.emsb.qc.ca\/#\/schema\/logo\/image\/","url":"https:\/\/mackaypel.emsb.qc.ca\/wp-content\/uploads\/sites\/9\/2024\/03\/mackay.svg","contentUrl":"https:\/\/mackaypel.emsb.qc.ca\/wp-content\/uploads\/sites\/9\/2024\/03\/mackay.svg","width":998.88,"height":142.51,"caption":"Mackay Centre &amp; Philip E. Layton Schools"},"image":{"@id":"https:\/\/mackaypel.emsb.qc.ca\/#\/schema\/logo\/image\/"}}]}},"_links":{"self":[{"href":"https:\/\/mackaypel.emsb.qc.ca\/fr\/wp-json\/wp\/v2\/pages\/11284","targetHints":{"allow":["GET"]}}],"collection":[{"href":"https:\/\/mackaypel.emsb.qc.ca\/fr\/wp-json\/wp\/v2\/pages"}],"about":[{"href":"https:\/\/mackaypel.emsb.qc.ca\/fr\/wp-json\/wp\/v2\/types\/page"}],"author":[{"embeddable":true,"href":"https:\/\/mackaypel.emsb.qc.ca\/fr\/wp-json\/wp\/v2\/users\/11"}],"replies":[{"embeddable":true,"href":"https:\/\/mackaypel.emsb.qc.ca\/fr\/wp-json\/wp\/v2\/comments?post=11284"}],"version-history":[{"count":10,"href":"https:\/\/mackaypel.emsb.qc.ca\/fr\/wp-json\/wp\/v2\/pages\/11284\/revisions"}],"predecessor-version":[{"id":11486,"href":"https:\/\/mackaypel.emsb.qc.ca\/fr\/wp-json\/wp\/v2\/pages\/11284\/revisions\/11486"}],"wp:attachment":[{"href":"https:\/\/mackaypel.emsb.qc.ca\/fr\/wp-json\/wp\/v2\/media?parent=11284"}],"curies":[{"name":"wp","href":"https:\/\/api.w.org\/{rel}","templated":true}]}}