
{"id":11312,"date":"2024-12-09T15:17:20","date_gmt":"2024-12-09T20:17:20","guid":{"rendered":"https:\/\/mackaypel.emsbstaging.com\/?page_id=11312"},"modified":"2025-01-28T14:36:28","modified_gmt":"2025-01-28T19:36:28","slug":"anti-bullying-anti-violence-action-plan","status":"publish","type":"page","link":"https:\/\/mackaypel.emsb.qc.ca\/fr\/anti-bullying-anti-violence-action-plan\/","title":{"rendered":"Plan de lutte contre l'intimidation et la violence"},"content":{"rendered":"<div data-elementor-type=\"wp-page\" data-elementor-id=\"11312\" class=\"elementor elementor-11312\" data-elementor-post-type=\"page\">\n\t\t\t\t\t\t<section class=\"elementor-section elementor-top-section elementor-element elementor-element-3195d8b6 elementor-section-full_width elementor-section-height-default elementor-section-height-default\" data-id=\"3195d8b6\" data-element_type=\"section\" data-e-type=\"section\" data-settings=\"{&quot;jet_parallax_layout_list&quot;:[]}\">\n\t\t\t\t\t\t<div class=\"elementor-container elementor-column-gap-default\">\n\t\t\t\t\t<div class=\"elementor-column elementor-col-100 elementor-top-column elementor-element elementor-element-2a06b17a\" data-id=\"2a06b17a\" data-element_type=\"column\" data-e-type=\"column\">\n\t\t\t<div class=\"elementor-widget-wrap elementor-element-populated\">\n\t\t\t\t\t\t<div class=\"elementor-element elementor-element-6c884ea0 elementor-widget elementor-widget-image\" data-id=\"6c884ea0\" data-element_type=\"widget\" data-e-type=\"widget\" data-widget_type=\"image.default\">\n\t\t\t\t<div class=\"elementor-widget-container\">\n\t\t\t\t\t\t\t\t\t\t\t\t\t\t\t<img fetchpriority=\"high\" decoding=\"async\" width=\"768\" height=\"251\" src=\"https:\/\/mackaypel.emsb.qc.ca\/wp-content\/uploads\/sites\/9\/2024\/12\/student-banner-9-768x251.jpg\" class=\"attachment-medium_large size-medium_large wp-image-11422\" alt=\"\" srcset=\"https:\/\/mackaypel.emsb.qc.ca\/wp-content\/uploads\/sites\/9\/2024\/12\/student-banner-9-768x251.jpg 768w, https:\/\/mackaypel.emsb.qc.ca\/wp-content\/uploads\/sites\/9\/2024\/12\/student-banner-9-300x98.jpg 300w, https:\/\/mackaypel.emsb.qc.ca\/wp-content\/uploads\/sites\/9\/2024\/12\/student-banner-9-1024x334.jpg 1024w, https:\/\/mackaypel.emsb.qc.ca\/wp-content\/uploads\/sites\/9\/2024\/12\/student-banner-9-18x6.jpg 18w, https:\/\/mackaypel.emsb.qc.ca\/wp-content\/uploads\/sites\/9\/2024\/12\/student-banner-9.jpg 1440w\" sizes=\"(max-width: 768px) 100vw, 768px\" \/>\t\t\t\t\t\t\t\t\t\t\t\t\t\t\t<\/div>\n\t\t\t\t<\/div>\n\t\t\t\t\t<\/div>\n\t\t<\/div>\n\t\t\t\t\t<\/div>\n\t\t<\/section>\n\t\t\t\t<section class=\"elementor-section elementor-top-section elementor-element elementor-element-11d4aed elementor-section-boxed elementor-section-height-default elementor-section-height-default\" data-id=\"11d4aed\" data-element_type=\"section\" data-e-type=\"section\" data-settings=\"{&quot;jet_parallax_layout_list&quot;:[]}\">\n\t\t\t\t\t\t<div class=\"elementor-container elementor-column-gap-default\">\n\t\t\t\t\t<div class=\"elementor-column elementor-col-100 elementor-top-column elementor-element elementor-element-b93f0d0\" data-id=\"b93f0d0\" data-element_type=\"column\" data-e-type=\"column\">\n\t\t\t<div class=\"elementor-widget-wrap elementor-element-populated\">\n\t\t\t\t\t\t<div class=\"elementor-element elementor-element-882a37e elementor-widget elementor-widget-spacer\" data-id=\"882a37e\" data-element_type=\"widget\" data-e-type=\"widget\" data-widget_type=\"spacer.default\">\n\t\t\t\t<div class=\"elementor-widget-container\">\n\t\t\t\t\t\t\t<div class=\"elementor-spacer\">\n\t\t\t<div class=\"elementor-spacer-inner\"><\/div>\n\t\t<\/div>\n\t\t\t\t\t\t<\/div>\n\t\t\t\t<\/div>\n\t\t\t\t\t<\/div>\n\t\t<\/div>\n\t\t\t\t\t<\/div>\n\t\t<\/section>\n\t\t\t\t<section class=\"elementor-section elementor-top-section elementor-element elementor-element-2293ab47 elementor-section-boxed elementor-section-height-default elementor-section-height-default\" data-id=\"2293ab47\" data-element_type=\"section\" data-e-type=\"section\" data-settings=\"{&quot;jet_parallax_layout_list&quot;:[]}\">\n\t\t\t\t\t\t<div class=\"elementor-container elementor-column-gap-no\">\n\t\t\t\t\t<div class=\"elementor-column elementor-col-100 elementor-top-column elementor-element elementor-element-1cee71d8\" data-id=\"1cee71d8\" data-element_type=\"column\" data-e-type=\"column\">\n\t\t\t<div class=\"elementor-widget-wrap elementor-element-populated\">\n\t\t\t\t\t\t<div class=\"elementor-element elementor-element-754aec4 elementor-widget elementor-widget-text-editor\" data-id=\"754aec4\" data-element_type=\"widget\" data-e-type=\"widget\" data-widget_type=\"text-editor.default\">\n\t\t\t\t<div class=\"elementor-widget-container\">\n\t\t\t\t\t\t\t\t\t<p>Plan de lutte contre l'intimidation et la violence<\/p>\t\t\t\t\t\t\t\t<\/div>\n\t\t\t\t<\/div>\n\t\t\t\t<div class=\"elementor-element elementor-element-03d1b47 elementor-widget elementor-widget-text-editor\" data-id=\"03d1b47\" data-element_type=\"widget\" data-e-type=\"widget\" data-widget_type=\"text-editor.default\">\n\t\t\t\t<div class=\"elementor-widget-container\">\n\t\t\t\t\t\t\t\t\t<p>Centre MacKay et \u00e9coles Philip E. Layton<\/p>\t\t\t\t\t\t\t\t<\/div>\n\t\t\t\t<\/div>\n\t\t\t\t<section class=\"elementor-section elementor-inner-section elementor-element elementor-element-31cc9e9 elementor-section-boxed elementor-section-height-default elementor-section-height-default\" data-id=\"31cc9e9\" data-element_type=\"section\" data-e-type=\"section\" data-settings=\"{&quot;jet_parallax_layout_list&quot;:[]}\">\n\t\t\t\t\t\t<div class=\"elementor-container elementor-column-gap-default\">\n\t\t\t\t\t<div class=\"elementor-column elementor-col-100 elementor-inner-column elementor-element elementor-element-ad95edb\" data-id=\"ad95edb\" data-element_type=\"column\" data-e-type=\"column\">\n\t\t\t<div class=\"elementor-widget-wrap elementor-element-populated\">\n\t\t\t\t\t\t<div class=\"elementor-element elementor-element-819e738 elementor-widget elementor-widget-text-editor\" data-id=\"819e738\" data-element_type=\"widget\" data-e-type=\"widget\" data-widget_type=\"text-editor.default\">\n\t\t\t\t<div class=\"elementor-widget-container\">\n\t\t\t\t\t\t\t\t\t<p>Un environnement scolaire s\u00fbr, inclusif et accueillant est une condition n\u00e9cessaire \u00e0 la r\u00e9ussite des \u00e9l\u00e8ves. On ne peut attendre des \u00e9l\u00e8ves qu'ils r\u00e9alisent leur potentiel dans un environnement o\u00f9 ils se sentent peu s\u00fbrs d'eux et intimid\u00e9s. Nous nous engageons \u00e0 fournir \u00e0 tous les \u00e9l\u00e8ves le soutien dont ils ont besoin pour apprendre, grandir et r\u00e9ussir.<\/p><p>Le plan d'action pour un milieu scolaire sain et s\u00e9curitaire de notre \u00e9cole d\u00e9crit les mesures de pr\u00e9vention et de r\u00e9ponse aux actes d'intimidation et de violence dans notre \u00e9cole, conform\u00e9ment \u00e0 la politique de la CSEM en mati\u00e8re de s\u00e9curit\u00e9 de l'environnement physique et du cyberespace ainsi que de\u00a0<a href=\"http:\/\/legisquebec.gouv.qc.ca\/en\/ShowDoc\/cs\/I-13.3\" target=\"_blank\" rel=\"noopener\">Loi sur l'instruction publique du Qu\u00e9bec<\/a>.<\/p>\t\t\t\t\t\t\t\t<\/div>\n\t\t\t\t<\/div>\n\t\t\t\t<div class=\"elementor-element elementor-element-cb0f83d elementor-align-left elementor-widget elementor-widget-button\" data-id=\"cb0f83d\" data-element_type=\"widget\" data-e-type=\"widget\" data-widget_type=\"button.default\">\n\t\t\t\t<div class=\"elementor-widget-container\">\n\t\t\t\t\t\t\t\t\t<div class=\"elementor-button-wrapper\">\n\t\t\t\t\t<a class=\"elementor-button elementor-button-link elementor-size-sm\" href=\"https:\/\/mackaypel.emsb.qc.ca\/wp-content\/uploads\/sites\/9\/2024\/12\/EMSB-ABAV-Summary.pdf\" target=\"_blank\">\n\t\t\t\t\t\t<span class=\"elementor-button-content-wrapper\">\n\t\t\t\t\t\t\t\t\t<span class=\"elementor-button-text\">Qu'est-ce qu'un Plan de lutte contre l'intimidation et la violence?<\/span>\n\t\t\t\t\t<\/span>\n\t\t\t\t\t<\/a>\n\t\t\t\t<\/div>\n\t\t\t\t\t\t\t\t<\/div>\n\t\t\t\t<\/div>\n\t\t\t\t<div class=\"elementor-element elementor-element-83d803e elementor-align-left elementor-widget elementor-widget-button\" data-id=\"83d803e\" data-element_type=\"widget\" data-e-type=\"widget\" data-widget_type=\"button.default\">\n\t\t\t\t<div class=\"elementor-widget-container\">\n\t\t\t\t\t\t\t\t\t<div class=\"elementor-button-wrapper\">\n\t\t\t\t\t<a class=\"elementor-button elementor-button-link elementor-size-sm\" href=\"https:\/\/mackaypel.emsb.qc.ca\/wp-content\/uploads\/sites\/9\/2024\/12\/2023-24-Anti-Bullying-Anti-Violence-Action-Plan-Secured-MackayandPhilip.pdf\" target=\"_blank\">\n\t\t\t\t\t\t<span class=\"elementor-button-content-wrapper\">\n\t\t\t\t\t\t\t\t\t<span class=\"elementor-button-text\">Plan de lutte contre l'intimidation et la violence<\/span>\n\t\t\t\t\t<\/span>\n\t\t\t\t\t<\/a>\n\t\t\t\t<\/div>\n\t\t\t\t\t\t\t\t<\/div>\n\t\t\t\t<\/div>\n\t\t\t\t\t<\/div>\n\t\t<\/div>\n\t\t\t\t\t<\/div>\n\t\t<\/section>\n\t\t\t\t\t<\/div>\n\t\t<\/div>\n\t\t\t\t\t<\/div>\n\t\t<\/section>\n\t\t\t\t<\/div>","protected":false},"excerpt":{"rendered":"<p>Anti-Bullying Anti-Violence Action Plan MacKay Centre &amp; Philip E. Layton Schools A safe, inclusive and accepting school environment is a necessary condition for student success. Students cannot be expected to reach their potential in an environment where they feel insecure and intimidated. We are committed to providing all students with the supports they need to [&hellip;]<\/p>\n","protected":false},"author":11,"featured_media":0,"parent":0,"menu_order":0,"comment_status":"closed","ping_status":"closed","template":"","meta":{"site-sidebar-layout":"no-sidebar","site-content-layout":"page-builder","ast-site-content-layout":"full-width-container","site-content-style":"unboxed","site-sidebar-style":"unboxed","ast-global-header-display":"","ast-banner-title-visibility":"","ast-main-header-display":"","ast-hfb-above-header-display":"","ast-hfb-below-header-display":"","ast-hfb-mobile-header-display":"","site-post-title":"disabled","ast-breadcrumbs-content":"","ast-featured-img":"disabled","footer-sml-layout":"","ast-disable-related-posts":"","theme-transparent-header-meta":"default","adv-header-id-meta":"","stick-header-meta":"","header-above-stick-meta":"","header-main-stick-meta":"","header-below-stick-meta":"","astra-migrate-meta-layouts":"set","ast-page-background-enabled":"default","ast-page-background-meta":{"desktop":{"background-color":"var(--ast-global-color-4)","background-image":"","background-repeat":"repeat","background-position":"center center","background-size":"auto","background-attachment":"scroll","background-type":"","background-media":"","overlay-type":"","overlay-color":"","overlay-opacity":"","overlay-gradient":""},"tablet":{"background-color":"","background-image":"","background-repeat":"repeat","background-position":"center center","background-size":"auto","background-attachment":"scroll","background-type":"","background-media":"","overlay-type":"","overlay-color":"","overlay-opacity":"","overlay-gradient":""},"mobile":{"background-color":"","background-image":"","background-repeat":"repeat","background-position":"center center","background-size":"auto","background-attachment":"scroll","background-type":"","background-media":"","overlay-type":"","overlay-color":"","overlay-opacity":"","overlay-gradient":""}},"ast-content-background-meta":{"desktop":{"background-color":"var(--ast-global-color-5)","background-image":"","background-repeat":"repeat","background-position":"center center","background-size":"auto","background-attachment":"scroll","background-type":"","background-media":"","overlay-type":"","overlay-color":"","overlay-opacity":"","overlay-gradient":""},"tablet":{"background-color":"var(--ast-global-color-5)","background-image":"","background-repeat":"repeat","background-position":"center center","background-size":"auto","background-attachment":"scroll","background-type":"","background-media":"","overlay-type":"","overlay-color":"","overlay-opacity":"","overlay-gradient":""},"mobile":{"background-color":"var(--ast-global-color-5)","background-image":"","background-repeat":"repeat","background-position":"center center","background-size":"auto","background-attachment":"scroll","background-type":"","background-media":"","overlay-type":"","overlay-color":"","overlay-opacity":"","overlay-gradient":""}},"footnotes":""},"class_list":["post-11312","page","type-page","status-publish","hentry"],"yoast_head":"<!-- This site is optimized with the Yoast SEO plugin v27.3 - https:\/\/yoast.com\/product\/yoast-seo-wordpress\/ -->\n<title>Anti-Bullying Anti-Violence Action Plan - Mackay Centre &amp; Philip E. Layton Schools<\/title>\n<meta name=\"robots\" content=\"index, follow, max-snippet:-1, max-image-preview:large, max-video-preview:-1\" \/>\n<link rel=\"canonical\" href=\"https:\/\/mackaypel.emsb.qc.ca\/fr\/anti-bullying-anti-violence-action-plan\/\" \/>\n<meta property=\"og:locale\" content=\"fr_FR\" \/>\n<meta property=\"og:type\" content=\"article\" \/>\n<meta property=\"og:title\" content=\"Anti-Bullying Anti-Violence Action Plan - Mackay Centre &amp; Philip E. Layton Schools\" \/>\n<meta property=\"og:description\" content=\"Anti-Bullying Anti-Violence Action Plan MacKay Centre &amp; Philip E. Layton Schools A safe, inclusive and accepting school environment is a necessary condition for student success. Students cannot be expected to reach their potential in an environment where they feel insecure and intimidated. We are committed to providing all students with the supports they need to [&hellip;]\" \/>\n<meta property=\"og:url\" content=\"https:\/\/mackaypel.emsb.qc.ca\/fr\/anti-bullying-anti-violence-action-plan\/\" \/>\n<meta property=\"og:site_name\" content=\"Mackay Centre &amp; Philip E. Layton Schools\" \/>\n<meta property=\"article:modified_time\" content=\"2025-01-28T19:36:28+00:00\" \/>\n<meta property=\"og:image\" content=\"https:\/\/mackaypel.emsb.qc.ca\/wp-content\/uploads\/sites\/9\/2024\/12\/student-banner-9-768x251.jpg\" \/>\n<meta name=\"twitter:card\" content=\"summary_large_image\" \/>\n<meta name=\"twitter:label1\" content=\"Dur\u00e9e de lecture estim\u00e9e\" \/>\n\t<meta name=\"twitter:data1\" content=\"1 minute\" \/>\n<script type=\"application\/ld+json\" class=\"yoast-schema-graph\">{\"@context\":\"https:\\\/\\\/schema.org\",\"@graph\":[{\"@type\":\"WebPage\",\"@id\":\"https:\\\/\\\/mackaypel.emsb.qc.ca\\\/anti-bullying-anti-violence-action-plan\\\/\",\"url\":\"https:\\\/\\\/mackaypel.emsb.qc.ca\\\/anti-bullying-anti-violence-action-plan\\\/\",\"name\":\"Anti-Bullying Anti-Violence Action Plan - Mackay Centre &amp; Philip E. Layton Schools\",\"isPartOf\":{\"@id\":\"https:\\\/\\\/mackaypel.emsb.qc.ca\\\/#website\"},\"primaryImageOfPage\":{\"@id\":\"https:\\\/\\\/mackaypel.emsb.qc.ca\\\/anti-bullying-anti-violence-action-plan\\\/#primaryimage\"},\"image\":{\"@id\":\"https:\\\/\\\/mackaypel.emsb.qc.ca\\\/anti-bullying-anti-violence-action-plan\\\/#primaryimage\"},\"thumbnailUrl\":\"https:\\\/\\\/mackaypel.emsb.qc.ca\\\/wp-content\\\/uploads\\\/sites\\\/9\\\/2024\\\/12\\\/student-banner-9-768x251.jpg\",\"datePublished\":\"2024-12-09T20:17:20+00:00\",\"dateModified\":\"2025-01-28T19:36:28+00:00\",\"breadcrumb\":{\"@id\":\"https:\\\/\\\/mackaypel.emsb.qc.ca\\\/anti-bullying-anti-violence-action-plan\\\/#breadcrumb\"},\"inLanguage\":\"fr-FR\",\"potentialAction\":[{\"@type\":\"ReadAction\",\"target\":[\"https:\\\/\\\/mackaypel.emsb.qc.ca\\\/anti-bullying-anti-violence-action-plan\\\/\"]}]},{\"@type\":\"ImageObject\",\"inLanguage\":\"fr-FR\",\"@id\":\"https:\\\/\\\/mackaypel.emsb.qc.ca\\\/anti-bullying-anti-violence-action-plan\\\/#primaryimage\",\"url\":\"https:\\\/\\\/mackaypel.emsb.qc.ca\\\/wp-content\\\/uploads\\\/sites\\\/9\\\/2024\\\/12\\\/student-banner-9-768x251.jpg\",\"contentUrl\":\"https:\\\/\\\/mackaypel.emsb.qc.ca\\\/wp-content\\\/uploads\\\/sites\\\/9\\\/2024\\\/12\\\/student-banner-9-768x251.jpg\"},{\"@type\":\"BreadcrumbList\",\"@id\":\"https:\\\/\\\/mackaypel.emsb.qc.ca\\\/anti-bullying-anti-violence-action-plan\\\/#breadcrumb\",\"itemListElement\":[{\"@type\":\"ListItem\",\"position\":1,\"name\":\"Home\",\"item\":\"https:\\\/\\\/mackaypel.emsb.qc.ca\\\/\"},{\"@type\":\"ListItem\",\"position\":2,\"name\":\"Anti-Bullying Anti-Violence Action Plan\"}]},{\"@type\":\"WebSite\",\"@id\":\"https:\\\/\\\/mackaypel.emsb.qc.ca\\\/#website\",\"url\":\"https:\\\/\\\/mackaypel.emsb.qc.ca\\\/\",\"name\":\"Mackay Centre &amp; Philip E. Layton Schools\",\"description\":\"Mackay Centre &amp; Philip E. Layton Schools\",\"publisher\":{\"@id\":\"https:\\\/\\\/mackaypel.emsb.qc.ca\\\/#organization\"},\"potentialAction\":[{\"@type\":\"SearchAction\",\"target\":{\"@type\":\"EntryPoint\",\"urlTemplate\":\"https:\\\/\\\/mackaypel.emsb.qc.ca\\\/?s={search_term_string}\"},\"query-input\":{\"@type\":\"PropertyValueSpecification\",\"valueRequired\":true,\"valueName\":\"search_term_string\"}}],\"inLanguage\":\"fr-FR\"},{\"@type\":\"Organization\",\"@id\":\"https:\\\/\\\/mackaypel.emsb.qc.ca\\\/#organization\",\"name\":\"Mackay Centre &amp; Philip E. Layton Schools\",\"url\":\"https:\\\/\\\/mackaypel.emsb.qc.ca\\\/\",\"logo\":{\"@type\":\"ImageObject\",\"inLanguage\":\"fr-FR\",\"@id\":\"https:\\\/\\\/mackaypel.emsb.qc.ca\\\/#\\\/schema\\\/logo\\\/image\\\/\",\"url\":\"https:\\\/\\\/mackaypel.emsb.qc.ca\\\/wp-content\\\/uploads\\\/sites\\\/9\\\/2024\\\/03\\\/mackay.svg\",\"contentUrl\":\"https:\\\/\\\/mackaypel.emsb.qc.ca\\\/wp-content\\\/uploads\\\/sites\\\/9\\\/2024\\\/03\\\/mackay.svg\",\"width\":998.88,\"height\":142.51,\"caption\":\"Mackay Centre &amp; Philip E. Layton Schools\"},\"image\":{\"@id\":\"https:\\\/\\\/mackaypel.emsb.qc.ca\\\/#\\\/schema\\\/logo\\\/image\\\/\"}}]}<\/script>\n<!-- \/ Yoast SEO plugin. -->","yoast_head_json":{"title":"Plan d'action contre l'intimidation et la violence - \u00c9coles Mackay Centre et Philip E. Layton","robots":{"index":"index","follow":"follow","max-snippet":"max-snippet:-1","max-image-preview":"max-image-preview:large","max-video-preview":"max-video-preview:-1"},"canonical":"https:\/\/mackaypel.emsb.qc.ca\/fr\/anti-bullying-anti-violence-action-plan\/","og_locale":"fr_FR","og_type":"article","og_title":"Anti-Bullying Anti-Violence Action Plan - Mackay Centre &amp; Philip E. Layton Schools","og_description":"Anti-Bullying Anti-Violence Action Plan MacKay Centre &amp; Philip E. Layton Schools A safe, inclusive and accepting school environment is a necessary condition for student success. Students cannot be expected to reach their potential in an environment where they feel insecure and intimidated. We are committed to providing all students with the supports they need to [&hellip;]","og_url":"https:\/\/mackaypel.emsb.qc.ca\/fr\/anti-bullying-anti-violence-action-plan\/","og_site_name":"Mackay Centre &amp; Philip E. Layton Schools","article_modified_time":"2025-01-28T19:36:28+00:00","og_image":[{"url":"https:\/\/mackaypel.emsb.qc.ca\/wp-content\/uploads\/sites\/9\/2024\/12\/student-banner-9-768x251.jpg","type":"","width":"","height":""}],"twitter_card":"summary_large_image","twitter_misc":{"Dur\u00e9e de lecture estim\u00e9e":"1 minute"},"schema":{"@context":"https:\/\/schema.org","@graph":[{"@type":"WebPage","@id":"https:\/\/mackaypel.emsb.qc.ca\/anti-bullying-anti-violence-action-plan\/","url":"https:\/\/mackaypel.emsb.qc.ca\/anti-bullying-anti-violence-action-plan\/","name":"Plan d'action contre l'intimidation et la violence - \u00c9coles Mackay Centre et Philip E. Layton","isPartOf":{"@id":"https:\/\/mackaypel.emsb.qc.ca\/#website"},"primaryImageOfPage":{"@id":"https:\/\/mackaypel.emsb.qc.ca\/anti-bullying-anti-violence-action-plan\/#primaryimage"},"image":{"@id":"https:\/\/mackaypel.emsb.qc.ca\/anti-bullying-anti-violence-action-plan\/#primaryimage"},"thumbnailUrl":"https:\/\/mackaypel.emsb.qc.ca\/wp-content\/uploads\/sites\/9\/2024\/12\/student-banner-9-768x251.jpg","datePublished":"2024-12-09T20:17:20+00:00","dateModified":"2025-01-28T19:36:28+00:00","breadcrumb":{"@id":"https:\/\/mackaypel.emsb.qc.ca\/anti-bullying-anti-violence-action-plan\/#breadcrumb"},"inLanguage":"fr-FR","potentialAction":[{"@type":"ReadAction","target":["https:\/\/mackaypel.emsb.qc.ca\/anti-bullying-anti-violence-action-plan\/"]}]},{"@type":"ImageObject","inLanguage":"fr-FR","@id":"https:\/\/mackaypel.emsb.qc.ca\/anti-bullying-anti-violence-action-plan\/#primaryimage","url":"https:\/\/mackaypel.emsb.qc.ca\/wp-content\/uploads\/sites\/9\/2024\/12\/student-banner-9-768x251.jpg","contentUrl":"https:\/\/mackaypel.emsb.qc.ca\/wp-content\/uploads\/sites\/9\/2024\/12\/student-banner-9-768x251.jpg"},{"@type":"BreadcrumbList","@id":"https:\/\/mackaypel.emsb.qc.ca\/anti-bullying-anti-violence-action-plan\/#breadcrumb","itemListElement":[{"@type":"ListItem","position":1,"name":"Home","item":"https:\/\/mackaypel.emsb.qc.ca\/"},{"@type":"ListItem","position":2,"name":"Anti-Bullying Anti-Violence Action Plan"}]},{"@type":"WebSite","@id":"https:\/\/mackaypel.emsb.qc.ca\/#website","url":"https:\/\/mackaypel.emsb.qc.ca\/","name":"Le Centre Mackay et l'\u00e9cole Philip E. Layton","description":"Le Centre Mackay et l'\u00e9cole Philip E. Layton","publisher":{"@id":"https:\/\/mackaypel.emsb.qc.ca\/#organization"},"potentialAction":[{"@type":"SearchAction","target":{"@type":"EntryPoint","urlTemplate":"https:\/\/mackaypel.emsb.qc.ca\/?s={search_term_string}"},"query-input":{"@type":"PropertyValueSpecification","valueRequired":true,"valueName":"search_term_string"}}],"inLanguage":"fr-FR"},{"@type":"Organization","@id":"https:\/\/mackaypel.emsb.qc.ca\/#organization","name":"Le Centre Mackay et l'\u00e9cole Philip E. Layton","url":"https:\/\/mackaypel.emsb.qc.ca\/","logo":{"@type":"ImageObject","inLanguage":"fr-FR","@id":"https:\/\/mackaypel.emsb.qc.ca\/#\/schema\/logo\/image\/","url":"https:\/\/mackaypel.emsb.qc.ca\/wp-content\/uploads\/sites\/9\/2024\/03\/mackay.svg","contentUrl":"https:\/\/mackaypel.emsb.qc.ca\/wp-content\/uploads\/sites\/9\/2024\/03\/mackay.svg","width":998.88,"height":142.51,"caption":"Mackay Centre &amp; Philip E. Layton Schools"},"image":{"@id":"https:\/\/mackaypel.emsb.qc.ca\/#\/schema\/logo\/image\/"}}]}},"_links":{"self":[{"href":"https:\/\/mackaypel.emsb.qc.ca\/fr\/wp-json\/wp\/v2\/pages\/11312","targetHints":{"allow":["GET"]}}],"collection":[{"href":"https:\/\/mackaypel.emsb.qc.ca\/fr\/wp-json\/wp\/v2\/pages"}],"about":[{"href":"https:\/\/mackaypel.emsb.qc.ca\/fr\/wp-json\/wp\/v2\/types\/page"}],"author":[{"embeddable":true,"href":"https:\/\/mackaypel.emsb.qc.ca\/fr\/wp-json\/wp\/v2\/users\/11"}],"replies":[{"embeddable":true,"href":"https:\/\/mackaypel.emsb.qc.ca\/fr\/wp-json\/wp\/v2\/comments?post=11312"}],"version-history":[{"count":10,"href":"https:\/\/mackaypel.emsb.qc.ca\/fr\/wp-json\/wp\/v2\/pages\/11312\/revisions"}],"predecessor-version":[{"id":11674,"href":"https:\/\/mackaypel.emsb.qc.ca\/fr\/wp-json\/wp\/v2\/pages\/11312\/revisions\/11674"}],"wp:attachment":[{"href":"https:\/\/mackaypel.emsb.qc.ca\/fr\/wp-json\/wp\/v2\/media?parent=11312"}],"curies":[{"name":"wp","href":"https:\/\/api.w.org\/{rel}","templated":true}]}}