
{"id":11319,"date":"2024-12-09T15:27:39","date_gmt":"2024-12-09T20:27:39","guid":{"rendered":"https:\/\/mackaypel.emsbstaging.com\/?page_id=11319"},"modified":"2026-01-07T13:30:53","modified_gmt":"2026-01-07T18:30:53","slug":"admission","status":"publish","type":"page","link":"https:\/\/mackaypel.emsb.qc.ca\/fr\/admission\/","title":{"rendered":"Admissions"},"content":{"rendered":"<div data-elementor-type=\"wp-page\" data-elementor-id=\"11319\" class=\"elementor elementor-11319\" data-elementor-post-type=\"page\">\n\t\t\t\t\t\t<section class=\"elementor-section elementor-top-section elementor-element elementor-element-3195d8b6 elementor-section-full_width elementor-section-height-default elementor-section-height-default\" data-id=\"3195d8b6\" data-element_type=\"section\" data-e-type=\"section\" data-settings=\"{&quot;jet_parallax_layout_list&quot;:[]}\">\n\t\t\t\t\t\t<div class=\"elementor-container elementor-column-gap-default\">\n\t\t\t\t\t<div class=\"elementor-column elementor-col-100 elementor-top-column elementor-element elementor-element-2a06b17a\" data-id=\"2a06b17a\" data-element_type=\"column\" data-e-type=\"column\">\n\t\t\t<div class=\"elementor-widget-wrap elementor-element-populated\">\n\t\t\t\t\t\t<div class=\"elementor-element elementor-element-6c884ea0 elementor-widget elementor-widget-image\" data-id=\"6c884ea0\" data-element_type=\"widget\" data-e-type=\"widget\" data-widget_type=\"image.default\">\n\t\t\t\t<div class=\"elementor-widget-container\">\n\t\t\t\t\t\t\t\t\t\t\t\t\t\t\t<img fetchpriority=\"high\" decoding=\"async\" width=\"768\" height=\"251\" src=\"https:\/\/mackaypel.emsb.qc.ca\/wp-content\/uploads\/sites\/9\/2024\/12\/student-banner-10-768x251.jpg\" class=\"attachment-medium_large size-medium_large wp-image-11423\" alt=\"\" srcset=\"https:\/\/mackaypel.emsb.qc.ca\/wp-content\/uploads\/sites\/9\/2024\/12\/student-banner-10-768x251.jpg 768w, https:\/\/mackaypel.emsb.qc.ca\/wp-content\/uploads\/sites\/9\/2024\/12\/student-banner-10-300x98.jpg 300w, https:\/\/mackaypel.emsb.qc.ca\/wp-content\/uploads\/sites\/9\/2024\/12\/student-banner-10-1024x334.jpg 1024w, https:\/\/mackaypel.emsb.qc.ca\/wp-content\/uploads\/sites\/9\/2024\/12\/student-banner-10-18x6.jpg 18w, https:\/\/mackaypel.emsb.qc.ca\/wp-content\/uploads\/sites\/9\/2024\/12\/student-banner-10.jpg 1440w\" sizes=\"(max-width: 768px) 100vw, 768px\" \/>\t\t\t\t\t\t\t\t\t\t\t\t\t\t\t<\/div>\n\t\t\t\t<\/div>\n\t\t\t\t\t<\/div>\n\t\t<\/div>\n\t\t\t\t\t<\/div>\n\t\t<\/section>\n\t\t\t\t<section class=\"elementor-section elementor-top-section elementor-element elementor-element-11d4aed elementor-section-boxed elementor-section-height-default elementor-section-height-default\" data-id=\"11d4aed\" data-element_type=\"section\" data-e-type=\"section\" data-settings=\"{&quot;jet_parallax_layout_list&quot;:[]}\">\n\t\t\t\t\t\t<div class=\"elementor-container elementor-column-gap-default\">\n\t\t\t\t\t<div class=\"elementor-column elementor-col-100 elementor-top-column elementor-element elementor-element-b93f0d0\" data-id=\"b93f0d0\" data-element_type=\"column\" data-e-type=\"column\">\n\t\t\t<div class=\"elementor-widget-wrap elementor-element-populated\">\n\t\t\t\t\t\t<div class=\"elementor-element elementor-element-882a37e elementor-widget elementor-widget-spacer\" data-id=\"882a37e\" data-element_type=\"widget\" data-e-type=\"widget\" data-widget_type=\"spacer.default\">\n\t\t\t\t<div class=\"elementor-widget-container\">\n\t\t\t\t\t\t\t<div class=\"elementor-spacer\">\n\t\t\t<div class=\"elementor-spacer-inner\"><\/div>\n\t\t<\/div>\n\t\t\t\t\t\t<\/div>\n\t\t\t\t<\/div>\n\t\t\t\t\t<\/div>\n\t\t<\/div>\n\t\t\t\t\t<\/div>\n\t\t<\/section>\n\t\t\t\t<section class=\"elementor-section elementor-top-section elementor-element elementor-element-2293ab47 elementor-section-boxed elementor-section-height-default elementor-section-height-default\" data-id=\"2293ab47\" data-element_type=\"section\" data-e-type=\"section\" data-settings=\"{&quot;jet_parallax_layout_list&quot;:[]}\">\n\t\t\t\t\t\t<div class=\"elementor-container elementor-column-gap-no\">\n\t\t\t\t\t<div class=\"elementor-column elementor-col-100 elementor-top-column elementor-element elementor-element-1cee71d8\" data-id=\"1cee71d8\" data-element_type=\"column\" data-e-type=\"column\">\n\t\t\t<div class=\"elementor-widget-wrap elementor-element-populated\">\n\t\t\t\t\t\t<div class=\"elementor-element elementor-element-754aec4 elementor-widget elementor-widget-text-editor\" data-id=\"754aec4\" data-element_type=\"widget\" data-e-type=\"widget\" data-widget_type=\"text-editor.default\">\n\t\t\t\t<div class=\"elementor-widget-container\">\n\t\t\t\t\t\t\t\t\t<p>Informations sur les admissions<\/p>\t\t\t\t\t\t\t\t<\/div>\n\t\t\t\t<\/div>\n\t\t\t\t<section class=\"elementor-section elementor-inner-section elementor-element elementor-element-1258fd9 elementor-section-boxed elementor-section-height-default elementor-section-height-default\" data-id=\"1258fd9\" data-element_type=\"section\" data-e-type=\"section\" data-settings=\"{&quot;jet_parallax_layout_list&quot;:[]}\">\n\t\t\t\t\t\t<div class=\"elementor-container elementor-column-gap-default\">\n\t\t\t\t\t<div class=\"elementor-column elementor-col-50 elementor-inner-column elementor-element elementor-element-5c4e765\" data-id=\"5c4e765\" data-element_type=\"column\" data-e-type=\"column\">\n\t\t\t<div class=\"elementor-widget-wrap elementor-element-populated\">\n\t\t\t\t\t\t<div class=\"elementor-element elementor-element-03d1b47 elementor-widget elementor-widget-text-editor\" data-id=\"03d1b47\" data-element_type=\"widget\" data-e-type=\"widget\" data-widget_type=\"text-editor.default\">\n\t\t\t\t<div class=\"elementor-widget-container\">\n\t\t\t\t\t\t\t\t\t<p>Centre Mackay<\/p>\t\t\t\t\t\t\t\t<\/div>\n\t\t\t\t<\/div>\n\t\t\t\t<div class=\"elementor-element elementor-element-819e738 elementor-widget elementor-widget-text-editor\" data-id=\"819e738\" data-element_type=\"widget\" data-e-type=\"widget\" data-widget_type=\"text-editor.default\">\n\t\t\t\t<div class=\"elementor-widget-container\">\n\t\t\t\t\t\t\t\t\t<p>Le Centre Mackay est une \u00e9cole de travail social sous la responsabilit\u00e9 de la Commission scolaire English-Montr\u00e9al. Il travaille en collaboration avec l'\u00e9quipe du Programme de r\u00e9adaptation en milieu scolaire sp\u00e9cialis\u00e9 (RPSS) du Centre de r\u00e9adaptation Lethbridge-Layton-Mackay, CIUSSS du Centre-Ouest-de-l'\u00cele-de-Montr\u00e9al. Il a un mandat suprar\u00e9gional et accepte des enfants de l'\u00eele de Montr\u00e9al, de Laval, de l'ouest de l'\u00eele, de la Rive-Sud ainsi que de la Rive-Nord.<\/p>\t\t\t\t\t\t\t\t<\/div>\n\t\t\t\t<\/div>\n\t\t\t\t\t<\/div>\n\t\t<\/div>\n\t\t\t\t<div class=\"elementor-column elementor-col-50 elementor-inner-column elementor-element elementor-element-0046889\" data-id=\"0046889\" data-element_type=\"column\" data-e-type=\"column\">\n\t\t\t<div class=\"elementor-widget-wrap elementor-element-populated\">\n\t\t\t\t\t\t<div class=\"elementor-element elementor-element-a1fd3dc elementor-widget elementor-widget-text-editor\" data-id=\"a1fd3dc\" data-element_type=\"widget\" data-e-type=\"widget\" data-widget_type=\"text-editor.default\">\n\t\t\t\t<div class=\"elementor-widget-container\">\n\t\t\t\t\t\t\t\t\t<p>\u00c9coles Philip E. Layton<\/p>\t\t\t\t\t\t\t\t<\/div>\n\t\t\t\t<\/div>\n\t\t\t\t<div class=\"elementor-element elementor-element-f8045e0 elementor-widget elementor-widget-text-editor\" data-id=\"f8045e0\" data-element_type=\"widget\" data-e-type=\"widget\" data-widget_type=\"text-editor.default\">\n\t\t\t\t<div class=\"elementor-widget-container\">\n\t\t\t\t\t\t\t\t\t<p>L'\u00e9cole Philip E. Layton est un \u00e9tablissement d'enseignement du travail social sous la responsabilit\u00e9 de la Commission scolaire English-Montr\u00e9al. Elle travaille en collaboration avec l'\u00e9quipe du Programme de r\u00e9adaptation en milieu scolaire sp\u00e9cialis\u00e9 (RPSS) du Centre de r\u00e9adaptation Lethbridge-Layton-Mackay, CIUSSS du Centre-Ouest-de-l'\u00cele-de-Montr\u00e9al. Elle est la seule \u00e9cole anglophone ayant le mandat de desservir les \u00e9l\u00e8ves ayant une d\u00e9ficience visuelle au Qu\u00e9bec. Elle a un mandat suprar\u00e9gional et accueille des enfants de l'\u00eele de Montr\u00e9al, de Laval, de l'ouest de l'\u00eele, de la Rive-Sud ainsi que de la Rive-Nord.<\/p>\t\t\t\t\t\t\t\t<\/div>\n\t\t\t\t<\/div>\n\t\t\t\t\t<\/div>\n\t\t<\/div>\n\t\t\t\t\t<\/div>\n\t\t<\/section>\n\t\t\t\t<section class=\"elementor-section elementor-inner-section elementor-element elementor-element-31cc9e9 elementor-section-boxed elementor-section-height-default elementor-section-height-default\" data-id=\"31cc9e9\" data-element_type=\"section\" data-e-type=\"section\" data-settings=\"{&quot;jet_parallax_layout_list&quot;:[]}\">\n\t\t\t\t\t\t<div class=\"elementor-container elementor-column-gap-default\">\n\t\t\t\t\t<div class=\"elementor-column elementor-col-100 elementor-inner-column elementor-element elementor-element-ad95edb\" data-id=\"ad95edb\" data-element_type=\"column\" data-e-type=\"column\">\n\t\t\t<div class=\"elementor-widget-wrap elementor-element-populated\">\n\t\t\t\t\t\t<div class=\"elementor-element elementor-element-c966991 elementor-align-justify elementor-widget elementor-widget-button\" data-id=\"c966991\" data-element_type=\"widget\" data-e-type=\"widget\" data-widget_type=\"button.default\">\n\t\t\t\t<div class=\"elementor-widget-container\">\n\t\t\t\t\t\t\t\t\t<div class=\"elementor-button-wrapper\">\n\t\t\t\t\t<a class=\"elementor-button elementor-button-link elementor-size-sm\" href=\"https:\/\/mackaypel.emsb.qc.ca\/wp-content\/uploads\/sites\/9\/2026\/01\/MCS-PEL-Parent-admission-package-2026-2027.pdf\" target=\"_blank\">\n\t\t\t\t\t\t<span class=\"elementor-button-content-wrapper\">\n\t\t\t\t\t\t\t\t\t<span class=\"elementor-button-text\">Admission Paquet Parents 2026-2027<\/span>\n\t\t\t\t\t<\/span>\n\t\t\t\t\t<\/a>\n\t\t\t\t<\/div>\n\t\t\t\t\t\t\t\t<\/div>\n\t\t\t\t<\/div>\n\t\t\t\t\t<\/div>\n\t\t<\/div>\n\t\t\t\t\t<\/div>\n\t\t<\/section>\n\t\t\t\t\t<\/div>\n\t\t<\/div>\n\t\t\t\t\t<\/div>\n\t\t<\/section>\n\t\t\t\t<section class=\"elementor-section elementor-top-section elementor-element elementor-element-3f15081 elementor-section-boxed elementor-section-height-default elementor-section-height-default\" data-id=\"3f15081\" data-element_type=\"section\" data-e-type=\"section\" data-settings=\"{&quot;jet_parallax_layout_list&quot;:[]}\">\n\t\t\t\t\t\t<div class=\"elementor-container elementor-column-gap-no\">\n\t\t\t\t\t<div class=\"elementor-column elementor-col-100 elementor-top-column elementor-element elementor-element-5907f50\" data-id=\"5907f50\" data-element_type=\"column\" data-e-type=\"column\">\n\t\t\t<div class=\"elementor-widget-wrap elementor-element-populated\">\n\t\t\t\t\t\t<section class=\"elementor-section elementor-inner-section elementor-element elementor-element-43fd13f elementor-section-boxed elementor-section-height-default elementor-section-height-default\" data-id=\"43fd13f\" data-element_type=\"section\" data-e-type=\"section\" data-settings=\"{&quot;jet_parallax_layout_list&quot;:[]}\">\n\t\t\t\t\t\t<div class=\"elementor-container elementor-column-gap-default\">\n\t\t\t\t\t<div class=\"elementor-column elementor-col-100 elementor-inner-column elementor-element elementor-element-bc756eb\" data-id=\"bc756eb\" data-element_type=\"column\" data-e-type=\"column\">\n\t\t\t<div class=\"elementor-widget-wrap elementor-element-populated\">\n\t\t\t\t\t\t<div class=\"elementor-element elementor-element-185c32d elementor-widget elementor-widget-text-editor\" data-id=\"185c32d\" data-element_type=\"widget\" data-e-type=\"widget\" data-widget_type=\"text-editor.default\">\n\t\t\t\t<div class=\"elementor-widget-container\">\n\t\t\t\t\t\t\t\t\t<p><strong>DATE LIMITE :<\/strong> Tous les dossiers de candidature doivent \u00eatre complets et re\u00e7us avant le 31 mars 2026.<\/p>\t\t\t\t\t\t\t\t<\/div>\n\t\t\t\t<\/div>\n\t\t\t\t\t<\/div>\n\t\t<\/div>\n\t\t\t\t\t<\/div>\n\t\t<\/section>\n\t\t\t\t\t<\/div>\n\t\t<\/div>\n\t\t\t\t\t<\/div>\n\t\t<\/section>\n\t\t\t\t<\/div>","protected":false},"excerpt":{"rendered":"<p>Admission Information Mackay Centre School Mackay Centre School is a Social Affairs School, under the mandate of the English Montreal School Board. The Mackay Centre School works in collaboration with the Rehabilitation Program in Specialized School (RPSS) team of the Lethbridge-Layton-Mackay Rehabilitation Centre (LLMRC), CIUSSS du Centre-Ouest-de-l\u2019Ile-de-Montr\u00e9al. Mackay Centre School has a supraregional mandate and [&hellip;]<\/p>\n","protected":false},"author":11,"featured_media":0,"parent":0,"menu_order":0,"comment_status":"closed","ping_status":"closed","template":"","meta":{"site-sidebar-layout":"no-sidebar","site-content-layout":"page-builder","ast-site-content-layout":"full-width-container","site-content-style":"unboxed","site-sidebar-style":"unboxed","ast-global-header-display":"","ast-banner-title-visibility":"","ast-main-header-display":"","ast-hfb-above-header-display":"","ast-hfb-below-header-display":"","ast-hfb-mobile-header-display":"","site-post-title":"disabled","ast-breadcrumbs-content":"","ast-featured-img":"disabled","footer-sml-layout":"","ast-disable-related-posts":"","theme-transparent-header-meta":"default","adv-header-id-meta":"","stick-header-meta":"","header-above-stick-meta":"","header-main-stick-meta":"","header-below-stick-meta":"","astra-migrate-meta-layouts":"set","ast-page-background-enabled":"default","ast-page-background-meta":{"desktop":{"background-color":"var(--ast-global-color-4)","background-image":"","background-repeat":"repeat","background-position":"center center","background-size":"auto","background-attachment":"scroll","background-type":"","background-media":"","overlay-type":"","overlay-color":"","overlay-opacity":"","overlay-gradient":""},"tablet":{"background-color":"","background-image":"","background-repeat":"repeat","background-position":"center center","background-size":"auto","background-attachment":"scroll","background-type":"","background-media":"","overlay-type":"","overlay-color":"","overlay-opacity":"","overlay-gradient":""},"mobile":{"background-color":"","background-image":"","background-repeat":"repeat","background-position":"center center","background-size":"auto","background-attachment":"scroll","background-type":"","background-media":"","overlay-type":"","overlay-color":"","overlay-opacity":"","overlay-gradient":""}},"ast-content-background-meta":{"desktop":{"background-color":"var(--ast-global-color-5)","background-image":"","background-repeat":"repeat","background-position":"center center","background-size":"auto","background-attachment":"scroll","background-type":"","background-media":"","overlay-type":"","overlay-color":"","overlay-opacity":"","overlay-gradient":""},"tablet":{"background-color":"var(--ast-global-color-5)","background-image":"","background-repeat":"repeat","background-position":"center center","background-size":"auto","background-attachment":"scroll","background-type":"","background-media":"","overlay-type":"","overlay-color":"","overlay-opacity":"","overlay-gradient":""},"mobile":{"background-color":"var(--ast-global-color-5)","background-image":"","background-repeat":"repeat","background-position":"center center","background-size":"auto","background-attachment":"scroll","background-type":"","background-media":"","overlay-type":"","overlay-color":"","overlay-opacity":"","overlay-gradient":""}},"footnotes":""},"class_list":["post-11319","page","type-page","status-publish","hentry"],"yoast_head":"<!-- This site is optimized with the Yoast SEO plugin v27.5 - https:\/\/yoast.com\/product\/yoast-seo-wordpress\/ -->\n<title>Admission - Mackay Centre &amp; Philip E. Layton Schools<\/title>\n<meta name=\"robots\" content=\"index, follow, max-snippet:-1, max-image-preview:large, max-video-preview:-1\" \/>\n<link rel=\"canonical\" href=\"https:\/\/mackaypel.emsb.qc.ca\/fr\/admission\/\" \/>\n<meta property=\"og:locale\" content=\"fr_FR\" \/>\n<meta property=\"og:type\" content=\"article\" \/>\n<meta property=\"og:title\" content=\"Admission - Mackay Centre &amp; Philip E. Layton Schools\" \/>\n<meta property=\"og:description\" content=\"Admission Information Mackay Centre School Mackay Centre School is a Social Affairs School, under the mandate of the English Montreal School Board. The Mackay Centre School works in collaboration with the Rehabilitation Program in Specialized School (RPSS) team of the Lethbridge-Layton-Mackay Rehabilitation Centre (LLMRC), CIUSSS du Centre-Ouest-de-l\u2019Ile-de-Montr\u00e9al. Mackay Centre School has a supraregional mandate and [&hellip;]\" \/>\n<meta property=\"og:url\" content=\"https:\/\/mackaypel.emsb.qc.ca\/fr\/admission\/\" \/>\n<meta property=\"og:site_name\" content=\"Mackay Centre &amp; Philip E. Layton Schools\" \/>\n<meta property=\"article:modified_time\" content=\"2026-01-07T18:30:53+00:00\" \/>\n<meta property=\"og:image\" content=\"https:\/\/mackaypel.emsb.qc.ca\/wp-content\/uploads\/sites\/9\/2024\/12\/student-banner-10.jpg\" \/>\n\t<meta property=\"og:image:width\" content=\"1440\" \/>\n\t<meta property=\"og:image:height\" content=\"470\" \/>\n\t<meta property=\"og:image:type\" content=\"image\/jpeg\" \/>\n<meta name=\"twitter:card\" content=\"summary_large_image\" \/>\n<meta name=\"twitter:label1\" content=\"Dur\u00e9e de lecture estim\u00e9e\" \/>\n\t<meta name=\"twitter:data1\" content=\"1 minute\" \/>\n<script type=\"application\/ld+json\" class=\"yoast-schema-graph\">{\"@context\":\"https:\\\/\\\/schema.org\",\"@graph\":[{\"@type\":\"WebPage\",\"@id\":\"https:\\\/\\\/mackaypel.emsb.qc.ca\\\/admission\\\/\",\"url\":\"https:\\\/\\\/mackaypel.emsb.qc.ca\\\/admission\\\/\",\"name\":\"Admission - Mackay Centre &amp; Philip E. Layton Schools\",\"isPartOf\":{\"@id\":\"https:\\\/\\\/mackaypel.emsb.qc.ca\\\/#website\"},\"primaryImageOfPage\":{\"@id\":\"https:\\\/\\\/mackaypel.emsb.qc.ca\\\/admission\\\/#primaryimage\"},\"image\":{\"@id\":\"https:\\\/\\\/mackaypel.emsb.qc.ca\\\/admission\\\/#primaryimage\"},\"thumbnailUrl\":\"https:\\\/\\\/mackaypel.emsb.qc.ca\\\/wp-content\\\/uploads\\\/sites\\\/9\\\/2024\\\/12\\\/student-banner-10-768x251.jpg\",\"datePublished\":\"2024-12-09T20:27:39+00:00\",\"dateModified\":\"2026-01-07T18:30:53+00:00\",\"breadcrumb\":{\"@id\":\"https:\\\/\\\/mackaypel.emsb.qc.ca\\\/admission\\\/#breadcrumb\"},\"inLanguage\":\"fr-FR\",\"potentialAction\":[{\"@type\":\"ReadAction\",\"target\":[\"https:\\\/\\\/mackaypel.emsb.qc.ca\\\/admission\\\/\"]}]},{\"@type\":\"ImageObject\",\"inLanguage\":\"fr-FR\",\"@id\":\"https:\\\/\\\/mackaypel.emsb.qc.ca\\\/admission\\\/#primaryimage\",\"url\":\"https:\\\/\\\/mackaypel.emsb.qc.ca\\\/wp-content\\\/uploads\\\/sites\\\/9\\\/2024\\\/12\\\/student-banner-10-768x251.jpg\",\"contentUrl\":\"https:\\\/\\\/mackaypel.emsb.qc.ca\\\/wp-content\\\/uploads\\\/sites\\\/9\\\/2024\\\/12\\\/student-banner-10-768x251.jpg\"},{\"@type\":\"BreadcrumbList\",\"@id\":\"https:\\\/\\\/mackaypel.emsb.qc.ca\\\/admission\\\/#breadcrumb\",\"itemListElement\":[{\"@type\":\"ListItem\",\"position\":1,\"name\":\"Home\",\"item\":\"https:\\\/\\\/mackaypel.emsb.qc.ca\\\/\"},{\"@type\":\"ListItem\",\"position\":2,\"name\":\"Admission\"}]},{\"@type\":\"WebSite\",\"@id\":\"https:\\\/\\\/mackaypel.emsb.qc.ca\\\/#website\",\"url\":\"https:\\\/\\\/mackaypel.emsb.qc.ca\\\/\",\"name\":\"Mackay Centre &amp; Philip E. Layton Schools\",\"description\":\"Mackay Centre &amp; Philip E. Layton Schools\",\"publisher\":{\"@id\":\"https:\\\/\\\/mackaypel.emsb.qc.ca\\\/#organization\"},\"potentialAction\":[{\"@type\":\"SearchAction\",\"target\":{\"@type\":\"EntryPoint\",\"urlTemplate\":\"https:\\\/\\\/mackaypel.emsb.qc.ca\\\/?s={search_term_string}\"},\"query-input\":{\"@type\":\"PropertyValueSpecification\",\"valueRequired\":true,\"valueName\":\"search_term_string\"}}],\"inLanguage\":\"fr-FR\"},{\"@type\":\"Organization\",\"@id\":\"https:\\\/\\\/mackaypel.emsb.qc.ca\\\/#organization\",\"name\":\"Mackay Centre &amp; Philip E. Layton Schools\",\"url\":\"https:\\\/\\\/mackaypel.emsb.qc.ca\\\/\",\"logo\":{\"@type\":\"ImageObject\",\"inLanguage\":\"fr-FR\",\"@id\":\"https:\\\/\\\/mackaypel.emsb.qc.ca\\\/#\\\/schema\\\/logo\\\/image\\\/\",\"url\":\"https:\\\/\\\/mackaypel.emsb.qc.ca\\\/wp-content\\\/uploads\\\/sites\\\/9\\\/2024\\\/03\\\/mackay.svg\",\"contentUrl\":\"https:\\\/\\\/mackaypel.emsb.qc.ca\\\/wp-content\\\/uploads\\\/sites\\\/9\\\/2024\\\/03\\\/mackay.svg\",\"width\":998.88,\"height\":142.51,\"caption\":\"Mackay Centre &amp; Philip E. Layton Schools\"},\"image\":{\"@id\":\"https:\\\/\\\/mackaypel.emsb.qc.ca\\\/#\\\/schema\\\/logo\\\/image\\\/\"}}]}<\/script>\n<!-- \/ Yoast SEO plugin. -->","yoast_head_json":{"title":"Admission - \u00c9coles Mackay Centre et Philip E. Layton","robots":{"index":"index","follow":"follow","max-snippet":"max-snippet:-1","max-image-preview":"max-image-preview:large","max-video-preview":"max-video-preview:-1"},"canonical":"https:\/\/mackaypel.emsb.qc.ca\/fr\/admission\/","og_locale":"fr_FR","og_type":"article","og_title":"Admission - Mackay Centre &amp; Philip E. Layton Schools","og_description":"Admission Information Mackay Centre School Mackay Centre School is a Social Affairs School, under the mandate of the English Montreal School Board. The Mackay Centre School works in collaboration with the Rehabilitation Program in Specialized School (RPSS) team of the Lethbridge-Layton-Mackay Rehabilitation Centre (LLMRC), CIUSSS du Centre-Ouest-de-l\u2019Ile-de-Montr\u00e9al. Mackay Centre School has a supraregional mandate and [&hellip;]","og_url":"https:\/\/mackaypel.emsb.qc.ca\/fr\/admission\/","og_site_name":"Mackay Centre &amp; Philip E. Layton Schools","article_modified_time":"2026-01-07T18:30:53+00:00","og_image":[{"width":1440,"height":470,"url":"https:\/\/mackaypel.emsb.qc.ca\/wp-content\/uploads\/sites\/9\/2024\/12\/student-banner-10.jpg","type":"image\/jpeg"}],"twitter_card":"summary_large_image","twitter_misc":{"Dur\u00e9e de lecture estim\u00e9e":"1 minute"},"schema":{"@context":"https:\/\/schema.org","@graph":[{"@type":"WebPage","@id":"https:\/\/mackaypel.emsb.qc.ca\/admission\/","url":"https:\/\/mackaypel.emsb.qc.ca\/admission\/","name":"Admission - \u00c9coles Mackay Centre et Philip E. Layton","isPartOf":{"@id":"https:\/\/mackaypel.emsb.qc.ca\/#website"},"primaryImageOfPage":{"@id":"https:\/\/mackaypel.emsb.qc.ca\/admission\/#primaryimage"},"image":{"@id":"https:\/\/mackaypel.emsb.qc.ca\/admission\/#primaryimage"},"thumbnailUrl":"https:\/\/mackaypel.emsb.qc.ca\/wp-content\/uploads\/sites\/9\/2024\/12\/student-banner-10-768x251.jpg","datePublished":"2024-12-09T20:27:39+00:00","dateModified":"2026-01-07T18:30:53+00:00","breadcrumb":{"@id":"https:\/\/mackaypel.emsb.qc.ca\/admission\/#breadcrumb"},"inLanguage":"fr-FR","potentialAction":[{"@type":"ReadAction","target":["https:\/\/mackaypel.emsb.qc.ca\/admission\/"]}]},{"@type":"ImageObject","inLanguage":"fr-FR","@id":"https:\/\/mackaypel.emsb.qc.ca\/admission\/#primaryimage","url":"https:\/\/mackaypel.emsb.qc.ca\/wp-content\/uploads\/sites\/9\/2024\/12\/student-banner-10-768x251.jpg","contentUrl":"https:\/\/mackaypel.emsb.qc.ca\/wp-content\/uploads\/sites\/9\/2024\/12\/student-banner-10-768x251.jpg"},{"@type":"BreadcrumbList","@id":"https:\/\/mackaypel.emsb.qc.ca\/admission\/#breadcrumb","itemListElement":[{"@type":"ListItem","position":1,"name":"Home","item":"https:\/\/mackaypel.emsb.qc.ca\/"},{"@type":"ListItem","position":2,"name":"Admission"}]},{"@type":"WebSite","@id":"https:\/\/mackaypel.emsb.qc.ca\/#website","url":"https:\/\/mackaypel.emsb.qc.ca\/","name":"Le Centre Mackay et l'\u00e9cole Philip E. Layton","description":"Le Centre Mackay et l'\u00e9cole Philip E. Layton","publisher":{"@id":"https:\/\/mackaypel.emsb.qc.ca\/#organization"},"potentialAction":[{"@type":"SearchAction","target":{"@type":"EntryPoint","urlTemplate":"https:\/\/mackaypel.emsb.qc.ca\/?s={search_term_string}"},"query-input":{"@type":"PropertyValueSpecification","valueRequired":true,"valueName":"search_term_string"}}],"inLanguage":"fr-FR"},{"@type":"Organization","@id":"https:\/\/mackaypel.emsb.qc.ca\/#organization","name":"Le Centre Mackay et l'\u00e9cole Philip E. Layton","url":"https:\/\/mackaypel.emsb.qc.ca\/","logo":{"@type":"ImageObject","inLanguage":"fr-FR","@id":"https:\/\/mackaypel.emsb.qc.ca\/#\/schema\/logo\/image\/","url":"https:\/\/mackaypel.emsb.qc.ca\/wp-content\/uploads\/sites\/9\/2024\/03\/mackay.svg","contentUrl":"https:\/\/mackaypel.emsb.qc.ca\/wp-content\/uploads\/sites\/9\/2024\/03\/mackay.svg","width":998.88,"height":142.51,"caption":"Mackay Centre &amp; Philip E. Layton Schools"},"image":{"@id":"https:\/\/mackaypel.emsb.qc.ca\/#\/schema\/logo\/image\/"}}]}},"_links":{"self":[{"href":"https:\/\/mackaypel.emsb.qc.ca\/fr\/wp-json\/wp\/v2\/pages\/11319","targetHints":{"allow":["GET"]}}],"collection":[{"href":"https:\/\/mackaypel.emsb.qc.ca\/fr\/wp-json\/wp\/v2\/pages"}],"about":[{"href":"https:\/\/mackaypel.emsb.qc.ca\/fr\/wp-json\/wp\/v2\/types\/page"}],"author":[{"embeddable":true,"href":"https:\/\/mackaypel.emsb.qc.ca\/fr\/wp-json\/wp\/v2\/users\/11"}],"replies":[{"embeddable":true,"href":"https:\/\/mackaypel.emsb.qc.ca\/fr\/wp-json\/wp\/v2\/comments?post=11319"}],"version-history":[{"count":19,"href":"https:\/\/mackaypel.emsb.qc.ca\/fr\/wp-json\/wp\/v2\/pages\/11319\/revisions"}],"predecessor-version":[{"id":11947,"href":"https:\/\/mackaypel.emsb.qc.ca\/fr\/wp-json\/wp\/v2\/pages\/11319\/revisions\/11947"}],"wp:attachment":[{"href":"https:\/\/mackaypel.emsb.qc.ca\/fr\/wp-json\/wp\/v2\/media?parent=11319"}],"curies":[{"name":"wp","href":"https:\/\/api.w.org\/{rel}","templated":true}]}}