
{"id":11537,"date":"2024-12-17T12:26:43","date_gmt":"2024-12-17T17:26:43","guid":{"rendered":"https:\/\/mackaypel.emsbstaging.com\/?page_id=11537"},"modified":"2024-12-17T12:36:27","modified_gmt":"2024-12-17T17:36:27","slug":"inspirations-news","status":"publish","type":"page","link":"https:\/\/mackaypel.emsb.qc.ca\/fr\/inspirations-news\/","title":{"rendered":"Nouvelles du journal Inspirations"},"content":{"rendered":"<div data-elementor-type=\"wp-page\" data-elementor-id=\"11537\" class=\"elementor elementor-11537\" data-elementor-post-type=\"page\">\n\t\t\t\t\t\t<section class=\"elementor-section elementor-top-section elementor-element elementor-element-3195d8b6 elementor-section-full_width elementor-section-height-default elementor-section-height-default\" data-id=\"3195d8b6\" data-element_type=\"section\" data-e-type=\"section\" data-settings=\"{&quot;jet_parallax_layout_list&quot;:[]}\">\n\t\t\t\t\t\t<div class=\"elementor-container elementor-column-gap-default\">\n\t\t\t\t\t<div class=\"elementor-column elementor-col-100 elementor-top-column elementor-element elementor-element-2a06b17a\" data-id=\"2a06b17a\" data-element_type=\"column\" data-e-type=\"column\">\n\t\t\t<div class=\"elementor-widget-wrap elementor-element-populated\">\n\t\t\t\t\t\t<div class=\"elementor-element elementor-element-6c884ea0 elementor-widget elementor-widget-image\" data-id=\"6c884ea0\" data-element_type=\"widget\" data-e-type=\"widget\" data-widget_type=\"image.default\">\n\t\t\t\t<div class=\"elementor-widget-container\">\n\t\t\t\t\t\t\t\t\t\t\t\t\t\t\t<img fetchpriority=\"high\" decoding=\"async\" width=\"768\" height=\"169\" src=\"https:\/\/mackaypel.emsb.qc.ca\/wp-content\/uploads\/sites\/9\/2024\/12\/spring2022-banner-768x169.jpg\" class=\"attachment-medium_large size-medium_large wp-image-11539\" alt=\"\" srcset=\"https:\/\/mackaypel.emsb.qc.ca\/wp-content\/uploads\/sites\/9\/2024\/12\/spring2022-banner-768x169.jpg 768w, https:\/\/mackaypel.emsb.qc.ca\/wp-content\/uploads\/sites\/9\/2024\/12\/spring2022-banner-300x66.jpg 300w, https:\/\/mackaypel.emsb.qc.ca\/wp-content\/uploads\/sites\/9\/2024\/12\/spring2022-banner-1024x226.jpg 1024w, https:\/\/mackaypel.emsb.qc.ca\/wp-content\/uploads\/sites\/9\/2024\/12\/spring2022-banner-1536x339.jpg 1536w, https:\/\/mackaypel.emsb.qc.ca\/wp-content\/uploads\/sites\/9\/2024\/12\/spring2022-banner-18x4.jpg 18w, https:\/\/mackaypel.emsb.qc.ca\/wp-content\/uploads\/sites\/9\/2024\/12\/spring2022-banner.jpg 1700w\" sizes=\"(max-width: 768px) 100vw, 768px\" \/>\t\t\t\t\t\t\t\t\t\t\t\t\t\t\t<\/div>\n\t\t\t\t<\/div>\n\t\t\t\t\t<\/div>\n\t\t<\/div>\n\t\t\t\t\t<\/div>\n\t\t<\/section>\n\t\t\t\t<section class=\"elementor-section elementor-top-section elementor-element elementor-element-11d4aed elementor-section-boxed elementor-section-height-default elementor-section-height-default\" data-id=\"11d4aed\" data-element_type=\"section\" data-e-type=\"section\" data-settings=\"{&quot;jet_parallax_layout_list&quot;:[]}\">\n\t\t\t\t\t\t<div class=\"elementor-container elementor-column-gap-default\">\n\t\t\t\t\t<div class=\"elementor-column elementor-col-100 elementor-top-column elementor-element elementor-element-b93f0d0\" data-id=\"b93f0d0\" data-element_type=\"column\" data-e-type=\"column\">\n\t\t\t<div class=\"elementor-widget-wrap elementor-element-populated\">\n\t\t\t\t\t\t<div class=\"elementor-element elementor-element-882a37e elementor-widget elementor-widget-spacer\" data-id=\"882a37e\" data-element_type=\"widget\" data-e-type=\"widget\" data-widget_type=\"spacer.default\">\n\t\t\t\t<div class=\"elementor-widget-container\">\n\t\t\t\t\t\t\t<div class=\"elementor-spacer\">\n\t\t\t<div class=\"elementor-spacer-inner\"><\/div>\n\t\t<\/div>\n\t\t\t\t\t\t<\/div>\n\t\t\t\t<\/div>\n\t\t\t\t\t<\/div>\n\t\t<\/div>\n\t\t\t\t\t<\/div>\n\t\t<\/section>\n\t\t\t\t<section class=\"elementor-section elementor-top-section elementor-element elementor-element-2293ab47 elementor-section-boxed elementor-section-height-default elementor-section-height-default\" data-id=\"2293ab47\" data-element_type=\"section\" data-e-type=\"section\" data-settings=\"{&quot;jet_parallax_layout_list&quot;:[]}\">\n\t\t\t\t\t\t<div class=\"elementor-container elementor-column-gap-no\">\n\t\t\t\t\t<div class=\"elementor-column elementor-col-100 elementor-top-column elementor-element elementor-element-1cee71d8\" data-id=\"1cee71d8\" data-element_type=\"column\" data-e-type=\"column\">\n\t\t\t<div class=\"elementor-widget-wrap elementor-element-populated\">\n\t\t\t\t\t\t<div class=\"elementor-element elementor-element-754aec4 elementor-widget elementor-widget-text-editor\" data-id=\"754aec4\" data-element_type=\"widget\" data-e-type=\"widget\" data-widget_type=\"text-editor.default\">\n\t\t\t\t<div class=\"elementor-widget-container\">\n\t\t\t\t\t\t\t\t\t<p>Inspirations<\/p>\t\t\t\t\t\t\t\t<\/div>\n\t\t\t\t<\/div>\n\t\t\t\t<section class=\"elementor-section elementor-inner-section elementor-element elementor-element-1258fd9 elementor-section-boxed elementor-section-height-default elementor-section-height-default\" data-id=\"1258fd9\" data-element_type=\"section\" data-e-type=\"section\" data-settings=\"{&quot;jet_parallax_layout_list&quot;:[]}\">\n\t\t\t\t\t\t<div class=\"elementor-container elementor-column-gap-default\">\n\t\t\t\t\t<div class=\"elementor-column elementor-col-100 elementor-inner-column elementor-element elementor-element-5c4e765\" data-id=\"5c4e765\" data-element_type=\"column\" data-e-type=\"column\">\n\t\t\t<div class=\"elementor-widget-wrap elementor-element-populated\">\n\t\t\t\t\t\t<div class=\"elementor-element elementor-element-03d1b47 elementor-widget elementor-widget-text-editor\" data-id=\"03d1b47\" data-element_type=\"widget\" data-e-type=\"widget\" data-widget_type=\"text-editor.default\">\n\t\t\t\t<div class=\"elementor-widget-container\">\n\t\t\t\t\t\t\t\t\t<p>Nouvelles du journal Inspirations<\/p>\t\t\t\t\t\t\t\t<\/div>\n\t\t\t\t<\/div>\n\t\t\t\t<div class=\"elementor-element elementor-element-819e738 elementor-widget elementor-widget-text-editor\" data-id=\"819e738\" data-element_type=\"widget\" data-e-type=\"widget\" data-widget_type=\"text-editor.default\">\n\t\t\t\t<div class=\"elementor-widget-container\">\n\t\t\t\t\t\t\t\t\t<p><em>Promouvoir l'inclusion et le bien-\u00eatre mental, <\/em>est la plaque tournante de l'information sur les besoins particuliers dans le Grand Montr\u00e9al et les r\u00e9gions avoisinantes. Et maintenant, nous avons \u00e9largi notre mandat pour inclure la sant\u00e9 mentale positive et le bien-\u00eatre. Un organisme sans but lucratif financ\u00e9 en partie et produit par la Commission scolaire English-Montr\u00e9al, la plus grande commission scolaire anglophone du Qu\u00e9bec et le chef de file en mati\u00e8re de services aux enfants et aux jeunes adultes ayant des besoins particuliers.\u00a0<em>Inspirations<\/em>\u00a0est la seule publication de ce type en langue anglaise \u00e0 Montr\u00e9al. Elle contient \u00e9galement du contenu en fran\u00e7ais. La base de donn\u00e9es de la CSEM sur les ressources en mati\u00e8re de besoins particuliers se trouve sur notre site Web.<\/p>\t\t\t\t\t\t\t\t<\/div>\n\t\t\t\t<\/div>\n\t\t\t\t<div class=\"elementor-element elementor-element-89c50f0 elementor-widget elementor-widget-text-editor\" data-id=\"89c50f0\" data-element_type=\"widget\" data-e-type=\"widget\" data-widget_type=\"text-editor.default\">\n\t\t\t\t<div class=\"elementor-widget-container\">\n\t\t\t\t\t\t\t\t\t<p>Qui lit Inspirations ?<\/p>\t\t\t\t\t\t\t\t<\/div>\n\t\t\t\t<\/div>\n\t\t\t\t<div class=\"elementor-element elementor-element-eec9a6a elementor-widget elementor-widget-text-editor\" data-id=\"eec9a6a\" data-element_type=\"widget\" data-e-type=\"widget\" data-widget_type=\"text-editor.default\">\n\t\t\t\t<div class=\"elementor-widget-container\">\n\t\t\t\t\t\t\t\t\t<p class=\"text-justify\">Parents, soignants, professionnels, enseignants, administrateurs, fonctionnaires et personnes ayant des besoins particuliers.<\/p>\t\t\t\t\t\t\t\t<\/div>\n\t\t\t\t<\/div>\n\t\t\t\t<div class=\"elementor-element elementor-element-972f931 elementor-widget elementor-widget-text-editor\" data-id=\"972f931\" data-element_type=\"widget\" data-e-type=\"widget\" data-widget_type=\"text-editor.default\">\n\t\t\t\t<div class=\"elementor-widget-container\">\n\t\t\t\t\t\t\t\t\t<p><strong>Ce que nous faisons<\/strong><\/p>\t\t\t\t\t\t\t\t<\/div>\n\t\t\t\t<\/div>\n\t\t\t\t<div class=\"elementor-element elementor-element-958c396 elementor-widget elementor-widget-text-editor\" data-id=\"958c396\" data-element_type=\"widget\" data-e-type=\"widget\" data-widget_type=\"text-editor.default\">\n\t\t\t\t<div class=\"elementor-widget-container\">\n\t\t\t\t\t\t\t\t\t<p class=\"text-justify\">Nous partageons des histoires de r\u00e9ussite \u00e9difiantes et des conseils pertinents, ainsi que les d\u00e9fis et les r\u00e9alisations d'enfants et d'adultes ayant des besoins particuliers.<\/p><p class=\"text-justify\">Inspirations, qui en est \u00e0 sa 15e ann\u00e9e d'existence, est une initiative locale qui continue de cro\u00eetre et de prosp\u00e9rer gr\u00e2ce \u00e0 la demande de nombreux parents et aux pr\u00e9occupations de la communaut\u00e9 dans son ensemble. Les publications biannuelles, les balados, les r\u00e9seaux sociaux, les articles en ligne et la base de donn\u00e9es de ressources sur les besoins particuliers d'Inspirations permettent \u00e9galement d'\u00e9duquer le grand public, de sensibiliser et de faire tomber les barri\u00e8res li\u00e9es \u00e0 l'inclusion.<\/p><p class=\"text-justify\">Nous remercions la Commission scolaire English-Montr\u00e9al ainsi que tous nos annonceurs et sponsors fid\u00e8les et  de renom pour leur soutien (voir notre page sponsors !).<\/p><p class=\"text-justify\">Pour conna\u00eetre les nouvelles et \u00e9v\u00e9nements les plus r\u00e9cents relatifs aux besoins particuliers \u00e0 Montr\u00e9al, suivez-nous sur\u00a0<strong><a title=\"Facebook\" href=\"http:\/\/www.facebook.com\/inspirationsnews\" target=\"_blank\" rel=\"noopener\">Facebook<\/a><\/strong>,\u00a0<a href=\"https:\/\/www.instagram.com\/inspirationsnews\/\" target=\"_blank\" rel=\"noopener\"><strong>Instagram<\/strong>,<\/a>\u00a0et\u00a0<a title=\"LinkedIn\" href=\"https:\/\/www.linkedin.com\/company\/inspirationsnews\" target=\"_blank\" rel=\"noopener\"><strong>LinkedIn<\/strong><\/a>.<\/p>\t\t\t\t\t\t\t\t<\/div>\n\t\t\t\t<\/div>\n\t\t\t\t<div class=\"elementor-element elementor-element-3553748 elementor-align-left elementor-widget elementor-widget-button\" data-id=\"3553748\" data-element_type=\"widget\" data-e-type=\"widget\" data-widget_type=\"button.default\">\n\t\t\t\t<div class=\"elementor-widget-container\">\n\t\t\t\t\t\t\t\t\t<div class=\"elementor-button-wrapper\">\n\t\t\t\t\t<a class=\"elementor-button elementor-button-link elementor-size-sm\" href=\"https:\/\/inspirationsnews.com\/\">\n\t\t\t\t\t\t<span class=\"elementor-button-content-wrapper\">\n\t\t\t\t\t\t\t\t\t<span class=\"elementor-button-text\">Consulter le site Web du journal Inspiration<\/span>\n\t\t\t\t\t<\/span>\n\t\t\t\t\t<\/a>\n\t\t\t\t<\/div>\n\t\t\t\t\t\t\t\t<\/div>\n\t\t\t\t<\/div>\n\t\t\t\t\t<\/div>\n\t\t<\/div>\n\t\t\t\t\t<\/div>\n\t\t<\/section>\n\t\t\t\t\t<\/div>\n\t\t<\/div>\n\t\t\t\t\t<\/div>\n\t\t<\/section>\n\t\t\t\t<\/div>","protected":false},"excerpt":{"rendered":"<p>Inspirations Inspirations News Promoting inclusion and mental well-being, is the hub of special needs news in the Greater Montreal and surrounding areas. And now, we have expanded our mandate to include positive mental health and well-being. A non-profit sponsored in part and produced by the English Montreal School Board \u2013 Quebec\u2019s largest English school board [&hellip;]<\/p>\n","protected":false},"author":11,"featured_media":0,"parent":0,"menu_order":0,"comment_status":"closed","ping_status":"closed","template":"","meta":{"site-sidebar-layout":"no-sidebar","site-content-layout":"page-builder","ast-site-content-layout":"full-width-container","site-content-style":"unboxed","site-sidebar-style":"unboxed","ast-global-header-display":"","ast-banner-title-visibility":"","ast-main-header-display":"","ast-hfb-above-header-display":"","ast-hfb-below-header-display":"","ast-hfb-mobile-header-display":"","site-post-title":"disabled","ast-breadcrumbs-content":"","ast-featured-img":"disabled","footer-sml-layout":"","ast-disable-related-posts":"","theme-transparent-header-meta":"default","adv-header-id-meta":"","stick-header-meta":"","header-above-stick-meta":"","header-main-stick-meta":"","header-below-stick-meta":"","astra-migrate-meta-layouts":"set","ast-page-background-enabled":"default","ast-page-background-meta":{"desktop":{"background-color":"var(--ast-global-color-4)","background-image":"","background-repeat":"repeat","background-position":"center center","background-size":"auto","background-attachment":"scroll","background-type":"","background-media":"","overlay-type":"","overlay-color":"","overlay-opacity":"","overlay-gradient":""},"tablet":{"background-color":"","background-image":"","background-repeat":"repeat","background-position":"center center","background-size":"auto","background-attachment":"scroll","background-type":"","background-media":"","overlay-type":"","overlay-color":"","overlay-opacity":"","overlay-gradient":""},"mobile":{"background-color":"","background-image":"","background-repeat":"repeat","background-position":"center center","background-size":"auto","background-attachment":"scroll","background-type":"","background-media":"","overlay-type":"","overlay-color":"","overlay-opacity":"","overlay-gradient":""}},"ast-content-background-meta":{"desktop":{"background-color":"var(--ast-global-color-5)","background-image":"","background-repeat":"repeat","background-position":"center center","background-size":"auto","background-attachment":"scroll","background-type":"","background-media":"","overlay-type":"","overlay-color":"","overlay-opacity":"","overlay-gradient":""},"tablet":{"background-color":"var(--ast-global-color-5)","background-image":"","background-repeat":"repeat","background-position":"center center","background-size":"auto","background-attachment":"scroll","background-type":"","background-media":"","overlay-type":"","overlay-color":"","overlay-opacity":"","overlay-gradient":""},"mobile":{"background-color":"var(--ast-global-color-5)","background-image":"","background-repeat":"repeat","background-position":"center center","background-size":"auto","background-attachment":"scroll","background-type":"","background-media":"","overlay-type":"","overlay-color":"","overlay-opacity":"","overlay-gradient":""}},"footnotes":""},"class_list":["post-11537","page","type-page","status-publish","hentry"],"yoast_head":"<!-- This site is optimized with the Yoast SEO plugin v27.3 - https:\/\/yoast.com\/product\/yoast-seo-wordpress\/ -->\n<title>Inspirations News - Mackay Centre &amp; Philip E. Layton Schools<\/title>\n<meta name=\"robots\" content=\"index, follow, max-snippet:-1, max-image-preview:large, max-video-preview:-1\" \/>\n<link rel=\"canonical\" href=\"https:\/\/mackaypel.emsb.qc.ca\/fr\/inspirations-news\/\" \/>\n<meta property=\"og:locale\" content=\"fr_FR\" \/>\n<meta property=\"og:type\" content=\"article\" \/>\n<meta property=\"og:title\" content=\"Inspirations News - Mackay Centre &amp; Philip E. Layton Schools\" \/>\n<meta property=\"og:description\" content=\"Inspirations Inspirations News Promoting inclusion and mental well-being, is the hub of special needs news in the Greater Montreal and surrounding areas. And now, we have expanded our mandate to include positive mental health and well-being. A non-profit sponsored in part and produced by the English Montreal School Board \u2013 Quebec\u2019s largest English school board [&hellip;]\" \/>\n<meta property=\"og:url\" content=\"https:\/\/mackaypel.emsb.qc.ca\/fr\/inspirations-news\/\" \/>\n<meta property=\"og:site_name\" content=\"Mackay Centre &amp; Philip E. Layton Schools\" \/>\n<meta property=\"article:modified_time\" content=\"2024-12-17T17:36:27+00:00\" \/>\n<meta property=\"og:image\" content=\"https:\/\/mackaypel.emsb.qc.ca\/wp-content\/uploads\/sites\/9\/2024\/12\/spring2022-banner-768x169.jpg\" \/>\n<meta name=\"twitter:card\" content=\"summary_large_image\" \/>\n<meta name=\"twitter:label1\" content=\"Dur\u00e9e de lecture estim\u00e9e\" \/>\n\t<meta name=\"twitter:data1\" content=\"1 minute\" \/>\n<script type=\"application\/ld+json\" class=\"yoast-schema-graph\">{\"@context\":\"https:\\\/\\\/schema.org\",\"@graph\":[{\"@type\":\"WebPage\",\"@id\":\"https:\\\/\\\/mackaypel.emsb.qc.ca\\\/inspirations-news\\\/\",\"url\":\"https:\\\/\\\/mackaypel.emsb.qc.ca\\\/inspirations-news\\\/\",\"name\":\"Inspirations News - Mackay Centre &amp; Philip E. Layton Schools\",\"isPartOf\":{\"@id\":\"https:\\\/\\\/mackaypel.emsb.qc.ca\\\/#website\"},\"primaryImageOfPage\":{\"@id\":\"https:\\\/\\\/mackaypel.emsb.qc.ca\\\/inspirations-news\\\/#primaryimage\"},\"image\":{\"@id\":\"https:\\\/\\\/mackaypel.emsb.qc.ca\\\/inspirations-news\\\/#primaryimage\"},\"thumbnailUrl\":\"https:\\\/\\\/mackaypel.emsb.qc.ca\\\/wp-content\\\/uploads\\\/sites\\\/9\\\/2024\\\/12\\\/spring2022-banner-768x169.jpg\",\"datePublished\":\"2024-12-17T17:26:43+00:00\",\"dateModified\":\"2024-12-17T17:36:27+00:00\",\"breadcrumb\":{\"@id\":\"https:\\\/\\\/mackaypel.emsb.qc.ca\\\/inspirations-news\\\/#breadcrumb\"},\"inLanguage\":\"fr-FR\",\"potentialAction\":[{\"@type\":\"ReadAction\",\"target\":[\"https:\\\/\\\/mackaypel.emsb.qc.ca\\\/inspirations-news\\\/\"]}]},{\"@type\":\"ImageObject\",\"inLanguage\":\"fr-FR\",\"@id\":\"https:\\\/\\\/mackaypel.emsb.qc.ca\\\/inspirations-news\\\/#primaryimage\",\"url\":\"https:\\\/\\\/mackaypel.emsb.qc.ca\\\/wp-content\\\/uploads\\\/sites\\\/9\\\/2024\\\/12\\\/spring2022-banner-768x169.jpg\",\"contentUrl\":\"https:\\\/\\\/mackaypel.emsb.qc.ca\\\/wp-content\\\/uploads\\\/sites\\\/9\\\/2024\\\/12\\\/spring2022-banner-768x169.jpg\"},{\"@type\":\"BreadcrumbList\",\"@id\":\"https:\\\/\\\/mackaypel.emsb.qc.ca\\\/inspirations-news\\\/#breadcrumb\",\"itemListElement\":[{\"@type\":\"ListItem\",\"position\":1,\"name\":\"Home\",\"item\":\"https:\\\/\\\/mackaypel.emsb.qc.ca\\\/\"},{\"@type\":\"ListItem\",\"position\":2,\"name\":\"Inspirations News\"}]},{\"@type\":\"WebSite\",\"@id\":\"https:\\\/\\\/mackaypel.emsb.qc.ca\\\/#website\",\"url\":\"https:\\\/\\\/mackaypel.emsb.qc.ca\\\/\",\"name\":\"Mackay Centre &amp; Philip E. Layton Schools\",\"description\":\"Mackay Centre &amp; Philip E. Layton Schools\",\"publisher\":{\"@id\":\"https:\\\/\\\/mackaypel.emsb.qc.ca\\\/#organization\"},\"potentialAction\":[{\"@type\":\"SearchAction\",\"target\":{\"@type\":\"EntryPoint\",\"urlTemplate\":\"https:\\\/\\\/mackaypel.emsb.qc.ca\\\/?s={search_term_string}\"},\"query-input\":{\"@type\":\"PropertyValueSpecification\",\"valueRequired\":true,\"valueName\":\"search_term_string\"}}],\"inLanguage\":\"fr-FR\"},{\"@type\":\"Organization\",\"@id\":\"https:\\\/\\\/mackaypel.emsb.qc.ca\\\/#organization\",\"name\":\"Mackay Centre &amp; Philip E. Layton Schools\",\"url\":\"https:\\\/\\\/mackaypel.emsb.qc.ca\\\/\",\"logo\":{\"@type\":\"ImageObject\",\"inLanguage\":\"fr-FR\",\"@id\":\"https:\\\/\\\/mackaypel.emsb.qc.ca\\\/#\\\/schema\\\/logo\\\/image\\\/\",\"url\":\"https:\\\/\\\/mackaypel.emsb.qc.ca\\\/wp-content\\\/uploads\\\/sites\\\/9\\\/2024\\\/03\\\/mackay.svg\",\"contentUrl\":\"https:\\\/\\\/mackaypel.emsb.qc.ca\\\/wp-content\\\/uploads\\\/sites\\\/9\\\/2024\\\/03\\\/mackay.svg\",\"width\":998.88,\"height\":142.51,\"caption\":\"Mackay Centre &amp; Philip E. Layton Schools\"},\"image\":{\"@id\":\"https:\\\/\\\/mackaypel.emsb.qc.ca\\\/#\\\/schema\\\/logo\\\/image\\\/\"}}]}<\/script>\n<!-- \/ Yoast SEO plugin. -->","yoast_head_json":{"title":"Nouvelles Inspirations - \u00c9coles Mackay Centre et Philip E. Layton","robots":{"index":"index","follow":"follow","max-snippet":"max-snippet:-1","max-image-preview":"max-image-preview:large","max-video-preview":"max-video-preview:-1"},"canonical":"https:\/\/mackaypel.emsb.qc.ca\/fr\/inspirations-news\/","og_locale":"fr_FR","og_type":"article","og_title":"Inspirations News - Mackay Centre &amp; Philip E. Layton Schools","og_description":"Inspirations Inspirations News Promoting inclusion and mental well-being, is the hub of special needs news in the Greater Montreal and surrounding areas. And now, we have expanded our mandate to include positive mental health and well-being. A non-profit sponsored in part and produced by the English Montreal School Board \u2013 Quebec\u2019s largest English school board [&hellip;]","og_url":"https:\/\/mackaypel.emsb.qc.ca\/fr\/inspirations-news\/","og_site_name":"Mackay Centre &amp; Philip E. Layton Schools","article_modified_time":"2024-12-17T17:36:27+00:00","og_image":[{"url":"https:\/\/mackaypel.emsb.qc.ca\/wp-content\/uploads\/sites\/9\/2024\/12\/spring2022-banner-768x169.jpg","type":"","width":"","height":""}],"twitter_card":"summary_large_image","twitter_misc":{"Dur\u00e9e de lecture estim\u00e9e":"1 minute"},"schema":{"@context":"https:\/\/schema.org","@graph":[{"@type":"WebPage","@id":"https:\/\/mackaypel.emsb.qc.ca\/inspirations-news\/","url":"https:\/\/mackaypel.emsb.qc.ca\/inspirations-news\/","name":"Nouvelles Inspirations - \u00c9coles Mackay Centre et Philip E. Layton","isPartOf":{"@id":"https:\/\/mackaypel.emsb.qc.ca\/#website"},"primaryImageOfPage":{"@id":"https:\/\/mackaypel.emsb.qc.ca\/inspirations-news\/#primaryimage"},"image":{"@id":"https:\/\/mackaypel.emsb.qc.ca\/inspirations-news\/#primaryimage"},"thumbnailUrl":"https:\/\/mackaypel.emsb.qc.ca\/wp-content\/uploads\/sites\/9\/2024\/12\/spring2022-banner-768x169.jpg","datePublished":"2024-12-17T17:26:43+00:00","dateModified":"2024-12-17T17:36:27+00:00","breadcrumb":{"@id":"https:\/\/mackaypel.emsb.qc.ca\/inspirations-news\/#breadcrumb"},"inLanguage":"fr-FR","potentialAction":[{"@type":"ReadAction","target":["https:\/\/mackaypel.emsb.qc.ca\/inspirations-news\/"]}]},{"@type":"ImageObject","inLanguage":"fr-FR","@id":"https:\/\/mackaypel.emsb.qc.ca\/inspirations-news\/#primaryimage","url":"https:\/\/mackaypel.emsb.qc.ca\/wp-content\/uploads\/sites\/9\/2024\/12\/spring2022-banner-768x169.jpg","contentUrl":"https:\/\/mackaypel.emsb.qc.ca\/wp-content\/uploads\/sites\/9\/2024\/12\/spring2022-banner-768x169.jpg"},{"@type":"BreadcrumbList","@id":"https:\/\/mackaypel.emsb.qc.ca\/inspirations-news\/#breadcrumb","itemListElement":[{"@type":"ListItem","position":1,"name":"Home","item":"https:\/\/mackaypel.emsb.qc.ca\/"},{"@type":"ListItem","position":2,"name":"Inspirations News"}]},{"@type":"WebSite","@id":"https:\/\/mackaypel.emsb.qc.ca\/#website","url":"https:\/\/mackaypel.emsb.qc.ca\/","name":"Le Centre Mackay et l'\u00e9cole Philip E. Layton","description":"Le Centre Mackay et l'\u00e9cole Philip E. Layton","publisher":{"@id":"https:\/\/mackaypel.emsb.qc.ca\/#organization"},"potentialAction":[{"@type":"SearchAction","target":{"@type":"EntryPoint","urlTemplate":"https:\/\/mackaypel.emsb.qc.ca\/?s={search_term_string}"},"query-input":{"@type":"PropertyValueSpecification","valueRequired":true,"valueName":"search_term_string"}}],"inLanguage":"fr-FR"},{"@type":"Organization","@id":"https:\/\/mackaypel.emsb.qc.ca\/#organization","name":"Le Centre Mackay et l'\u00e9cole Philip E. Layton","url":"https:\/\/mackaypel.emsb.qc.ca\/","logo":{"@type":"ImageObject","inLanguage":"fr-FR","@id":"https:\/\/mackaypel.emsb.qc.ca\/#\/schema\/logo\/image\/","url":"https:\/\/mackaypel.emsb.qc.ca\/wp-content\/uploads\/sites\/9\/2024\/03\/mackay.svg","contentUrl":"https:\/\/mackaypel.emsb.qc.ca\/wp-content\/uploads\/sites\/9\/2024\/03\/mackay.svg","width":998.88,"height":142.51,"caption":"Mackay Centre &amp; Philip E. Layton Schools"},"image":{"@id":"https:\/\/mackaypel.emsb.qc.ca\/#\/schema\/logo\/image\/"}}]}},"_links":{"self":[{"href":"https:\/\/mackaypel.emsb.qc.ca\/fr\/wp-json\/wp\/v2\/pages\/11537","targetHints":{"allow":["GET"]}}],"collection":[{"href":"https:\/\/mackaypel.emsb.qc.ca\/fr\/wp-json\/wp\/v2\/pages"}],"about":[{"href":"https:\/\/mackaypel.emsb.qc.ca\/fr\/wp-json\/wp\/v2\/types\/page"}],"author":[{"embeddable":true,"href":"https:\/\/mackaypel.emsb.qc.ca\/fr\/wp-json\/wp\/v2\/users\/11"}],"replies":[{"embeddable":true,"href":"https:\/\/mackaypel.emsb.qc.ca\/fr\/wp-json\/wp\/v2\/comments?post=11537"}],"version-history":[{"count":4,"href":"https:\/\/mackaypel.emsb.qc.ca\/fr\/wp-json\/wp\/v2\/pages\/11537\/revisions"}],"predecessor-version":[{"id":11542,"href":"https:\/\/mackaypel.emsb.qc.ca\/fr\/wp-json\/wp\/v2\/pages\/11537\/revisions\/11542"}],"wp:attachment":[{"href":"https:\/\/mackaypel.emsb.qc.ca\/fr\/wp-json\/wp\/v2\/media?parent=11537"}],"curies":[{"name":"wp","href":"https:\/\/api.w.org\/{rel}","templated":true}]}}